{"id":2643,"date":"2021-08-25T07:40:02","date_gmt":"2021-08-25T07:40:02","guid":{"rendered":"http:\/\/s880308918.online.de\/?post_type=product&#038;p=2643"},"modified":"2021-08-25T07:41:12","modified_gmt":"2021-08-25T07:41:12","slug":"zwangsverheiratung-geht-uns-alle-an","status":"publish","type":"product","link":"https:\/\/meral-renz.com\/tr\/product\/zwangsverheiratung-geht-uns-alle-an\/","title":{"rendered":"Zwangsverheiratung geht uns alle an"},"content":{"rendered":"<h3>Inhaltsangabe<\/h3>\n<p>\u00a0<\/p>\n<p>Sexualunterricht mit Jugendlichen aus unterschiedlichen Kulturen ist immer eine Herausforderung \u2013 und derzeit vor dem Hintergrund der Fl\u00fcchtlingszuwanderung aktueller und wichtiger denn je. Doch wie schafft man es, Jugendliche in interkulturellen Gruppen aufzukl\u00e4ren, ohne Tabus und die Gef\u00fchle der jungen Heranwachsenden zu verletzen und ohne die Akzeptanz der Eltern zu verlieren? In diesem Buch erhalten Sie konkrete Hilfen \u2013 in Form von ausf\u00fchrlichen Hintergrundinformationen f\u00fcr Sie und direkt einsetzbaren Kopiervorlagen und \u00dcbungen f\u00fcr die Hand Ihrer Sch\u00fcler. Mit den Materialien l\u00e4sst sich das Thema Sexualit\u00e4t auf unterschiedlichen Ebenen und mit Achtung vor den jeweiligen religi\u00f6sen und kulturellen Besonderheiten erarbeiten. Neben der eigentlichen Aufkl\u00e4rung bilden v. a. auch Liebe, Gef\u00fchle, W\u00fcnsche, Pl\u00e4ne und die eigene Identit\u00e4t den Ausgangspunkt f\u00fcr die inhaltliche Arbeit. Die Kopiervorlagen, \u00dcbungen und Methoden sind mit Bedacht ausgew\u00e4hlt und ber\u00fccksichtigen sowohl die Erwartungen und Erfahrungen der Jugendlichen selbst als auch die ihrer Eltern und erm\u00f6glichen so einen sensiblen, jedoch nicht wirklichkeitsfernen Sexualunterricht.<\/p>\n","protected":false},"excerpt":{"rendered":"<p>Inhaltsangabe \u00a0 Sexualunterricht mit Jugendlichen aus unterschiedlichen Kulturen ist immer eine Herausforderung \u2013 und derzeit vor dem Hintergrund der Fl\u00fcchtlingszuwanderung [&hellip;]<\/p>\n","protected":false},"featured_media":2644,"comment_status":"closed","ping_status":"closed","template":"","meta":[],"product_brand":[],"product_cat":[15],"product_tag":[],"class_list":{"0":"post-2643","1":"product","2":"type-product","3":"status-publish","4":"has-post-thumbnail","6":"product_cat-uncategorized","8":"first","9":"instock","10":"shipping-taxable","11":"product-type-external"},"yoast_head":"<!-- This site is optimized with the Yoast SEO plugin v27.5 - https:\/\/yoast.com\/product\/yoast-seo-wordpress\/ -->\n<title>Zwangsverheiratung geht uns alle an - Meral Renz Sexualtherapie auf deutsch und T\u00fcrkisch<\/title>\n<meta name=\"robots\" content=\"index, follow, max-snippet:-1, max-image-preview:large, max-video-preview:-1\" \/>\n<link rel=\"canonical\" href=\"https:\/\/meral-renz.com\/tr\/product\/zwangsverheiratung-geht-uns-alle-an\/\" \/>\n<meta property=\"og:locale\" content=\"tr_TR\" \/>\n<meta property=\"og:type\" content=\"article\" \/>\n<meta property=\"og:title\" content=\"Zwangsverheiratung geht uns alle an - Meral Renz Sexualtherapie auf deutsch und T\u00fcrkisch\" \/>\n<meta property=\"og:description\" content=\"Inhaltsangabe \u00a0 Sexualunterricht mit Jugendlichen aus unterschiedlichen Kulturen ist immer eine Herausforderung \u2013 und derzeit vor dem Hintergrund der Fl\u00fcchtlingszuwanderung [&hellip;]\" \/>\n<meta property=\"og:url\" content=\"https:\/\/meral-renz.com\/product\/zwangsverheiratung-geht-uns-alle-an\/\" \/>\n<meta property=\"og:site_name\" content=\"Meral Renz Sexualtherapie auf deutsch und T\u00fcrkisch\" \/>\n<meta property=\"article:modified_time\" content=\"2021-08-25T07:41:12+00:00\" \/>\n<meta property=\"og:image\" content=\"https:\/\/meral-renz.com\/wp-content\/uploads\/2021\/08\/cache_66904531.png\" \/>\n\t<meta property=\"og:image:width\" content=\"350\" \/>\n\t<meta property=\"og:image:height\" content=\"496\" \/>\n\t<meta property=\"og:image:type\" content=\"image\/png\" \/>\n<meta name=\"twitter:card\" content=\"summary_large_image\" \/>\n<meta name=\"twitter:label1\" content=\"Tahmini okuma s\u00fcresi\" \/>\n\t<meta name=\"twitter:data1\" content=\"1 dakika\" \/>\n<script type=\"application\/ld+json\" class=\"yoast-schema-graph\">{\"@context\":\"https:\\\/\\\/schema.org\",\"@graph\":[{\"@type\":\"WebPage\",\"@id\":\"https:\\\/\\\/meral-renz.com\\\/product\\\/zwangsverheiratung-geht-uns-alle-an\\\/\",\"url\":\"https:\\\/\\\/meral-renz.com\\\/product\\\/zwangsverheiratung-geht-uns-alle-an\\\/\",\"name\":\"Zwangsverheiratung geht uns alle an - Meral Renz Sexualtherapie auf deutsch und T\u00fcrkisch\",\"isPartOf\":{\"@id\":\"https:\\\/\\\/meral-renz.com\\\/#website\"},\"primaryImageOfPage\":{\"@id\":\"https:\\\/\\\/meral-renz.com\\\/product\\\/zwangsverheiratung-geht-uns-alle-an\\\/#primaryimage\"},\"image\":{\"@id\":\"https:\\\/\\\/meral-renz.com\\\/product\\\/zwangsverheiratung-geht-uns-alle-an\\\/#primaryimage\"},\"thumbnailUrl\":\"https:\\\/\\\/meral-renz.com\\\/wp-content\\\/uploads\\\/2021\\\/08\\\/cache_66904531.png\",\"datePublished\":\"2021-08-25T07:40:02+00:00\",\"dateModified\":\"2021-08-25T07:41:12+00:00\",\"breadcrumb\":{\"@id\":\"https:\\\/\\\/meral-renz.com\\\/product\\\/zwangsverheiratung-geht-uns-alle-an\\\/#breadcrumb\"},\"inLanguage\":\"tr\",\"potentialAction\":[{\"@type\":\"ReadAction\",\"target\":[\"https:\\\/\\\/meral-renz.com\\\/product\\\/zwangsverheiratung-geht-uns-alle-an\\\/\"]}]},{\"@type\":\"ImageObject\",\"inLanguage\":\"tr\",\"@id\":\"https:\\\/\\\/meral-renz.com\\\/product\\\/zwangsverheiratung-geht-uns-alle-an\\\/#primaryimage\",\"url\":\"https:\\\/\\\/meral-renz.com\\\/wp-content\\\/uploads\\\/2021\\\/08\\\/cache_66904531.png\",\"contentUrl\":\"https:\\\/\\\/meral-renz.com\\\/wp-content\\\/uploads\\\/2021\\\/08\\\/cache_66904531.png\",\"width\":350,\"height\":496},{\"@type\":\"BreadcrumbList\",\"@id\":\"https:\\\/\\\/meral-renz.com\\\/product\\\/zwangsverheiratung-geht-uns-alle-an\\\/#breadcrumb\",\"itemListElement\":[{\"@type\":\"ListItem\",\"position\":1,\"name\":\"Startseite\",\"item\":\"https:\\\/\\\/meral-renz.com\\\/tr\\\/\"},{\"@type\":\"ListItem\",\"position\":2,\"name\":\"Shop\",\"item\":\"https:\\\/\\\/meral-renz.com\\\/shop\\\/\"},{\"@type\":\"ListItem\",\"position\":3,\"name\":\"Zwangsverheiratung geht uns alle an\"}]},{\"@type\":\"WebSite\",\"@id\":\"https:\\\/\\\/meral-renz.com\\\/#website\",\"url\":\"https:\\\/\\\/meral-renz.com\\\/\",\"name\":\"Meral Renz Sexualtherapie auf deutsch und T\u00fcrkisch\",\"description\":\"Paar-, Sexual-, Familien- und interkulturelle Therapie\",\"publisher\":{\"@id\":\"https:\\\/\\\/meral-renz.com\\\/#\\\/schema\\\/person\\\/a57f4754fb94f17b023c301e50c67562\"},\"potentialAction\":[{\"@type\":\"SearchAction\",\"target\":{\"@type\":\"EntryPoint\",\"urlTemplate\":\"https:\\\/\\\/meral-renz.com\\\/?s={search_term_string}\"},\"query-input\":{\"@type\":\"PropertyValueSpecification\",\"valueRequired\":true,\"valueName\":\"search_term_string\"}}],\"inLanguage\":\"tr\"},{\"@type\":[\"Person\",\"Organization\"],\"@id\":\"https:\\\/\\\/meral-renz.com\\\/#\\\/schema\\\/person\\\/a57f4754fb94f17b023c301e50c67562\",\"name\":\"Meral Renz\",\"image\":{\"@type\":\"ImageObject\",\"inLanguage\":\"tr\",\"@id\":\"https:\\\/\\\/meral-renz.com\\\/wp-content\\\/uploads\\\/2022\\\/06\\\/Bildschirmfoto-2022-06-02-um-16.24.37.png\",\"url\":\"https:\\\/\\\/meral-renz.com\\\/wp-content\\\/uploads\\\/2022\\\/06\\\/Bildschirmfoto-2022-06-02-um-16.24.37.png\",\"contentUrl\":\"https:\\\/\\\/meral-renz.com\\\/wp-content\\\/uploads\\\/2022\\\/06\\\/Bildschirmfoto-2022-06-02-um-16.24.37.png\",\"width\":784,\"height\":670,\"caption\":\"Meral Renz\"},\"logo\":{\"@id\":\"https:\\\/\\\/meral-renz.com\\\/wp-content\\\/uploads\\\/2022\\\/06\\\/Bildschirmfoto-2022-06-02-um-16.24.37.png\"},\"description\":\"\u201cJeder Mensch und jedes Paar hat die Chance auf ein gl\u00fccklicheres Leben.\u201d\"}]}<\/script>\n<!-- \/ Yoast SEO plugin. -->","yoast_head_json":{"title":"Zwangsverheiratung geht uns alle an - Meral Renz Sexualtherapie auf deutsch und T\u00fcrkisch","robots":{"index":"index","follow":"follow","max-snippet":"max-snippet:-1","max-image-preview":"max-image-preview:large","max-video-preview":"max-video-preview:-1"},"canonical":"https:\/\/meral-renz.com\/tr\/product\/zwangsverheiratung-geht-uns-alle-an\/","og_locale":"tr_TR","og_type":"article","og_title":"Zwangsverheiratung geht uns alle an - Meral Renz Sexualtherapie auf deutsch und T\u00fcrkisch","og_description":"Inhaltsangabe \u00a0 Sexualunterricht mit Jugendlichen aus unterschiedlichen Kulturen ist immer eine Herausforderung \u2013 und derzeit vor dem Hintergrund der Fl\u00fcchtlingszuwanderung [&hellip;]","og_url":"https:\/\/meral-renz.com\/product\/zwangsverheiratung-geht-uns-alle-an\/","og_site_name":"Meral Renz Sexualtherapie auf deutsch und T\u00fcrkisch","article_modified_time":"2021-08-25T07:41:12+00:00","og_image":[{"width":350,"height":496,"url":"https:\/\/meral-renz.com\/wp-content\/uploads\/2021\/08\/cache_66904531.png","type":"image\/png"}],"twitter_card":"summary_large_image","twitter_misc":{"Tahmini okuma s\u00fcresi":"1 dakika"},"schema":{"@context":"https:\/\/schema.org","@graph":[{"@type":"WebPage","@id":"https:\/\/meral-renz.com\/product\/zwangsverheiratung-geht-uns-alle-an\/","url":"https:\/\/meral-renz.com\/product\/zwangsverheiratung-geht-uns-alle-an\/","name":"Zwangsverheiratung geht uns alle an - Meral Renz Sexualtherapie auf deutsch und T\u00fcrkisch","isPartOf":{"@id":"https:\/\/meral-renz.com\/#website"},"primaryImageOfPage":{"@id":"https:\/\/meral-renz.com\/product\/zwangsverheiratung-geht-uns-alle-an\/#primaryimage"},"image":{"@id":"https:\/\/meral-renz.com\/product\/zwangsverheiratung-geht-uns-alle-an\/#primaryimage"},"thumbnailUrl":"https:\/\/meral-renz.com\/wp-content\/uploads\/2021\/08\/cache_66904531.png","datePublished":"2021-08-25T07:40:02+00:00","dateModified":"2021-08-25T07:41:12+00:00","breadcrumb":{"@id":"https:\/\/meral-renz.com\/product\/zwangsverheiratung-geht-uns-alle-an\/#breadcrumb"},"inLanguage":"tr","potentialAction":[{"@type":"ReadAction","target":["https:\/\/meral-renz.com\/product\/zwangsverheiratung-geht-uns-alle-an\/"]}]},{"@type":"ImageObject","inLanguage":"tr","@id":"https:\/\/meral-renz.com\/product\/zwangsverheiratung-geht-uns-alle-an\/#primaryimage","url":"https:\/\/meral-renz.com\/wp-content\/uploads\/2021\/08\/cache_66904531.png","contentUrl":"https:\/\/meral-renz.com\/wp-content\/uploads\/2021\/08\/cache_66904531.png","width":350,"height":496},{"@type":"BreadcrumbList","@id":"https:\/\/meral-renz.com\/product\/zwangsverheiratung-geht-uns-alle-an\/#breadcrumb","itemListElement":[{"@type":"ListItem","position":1,"name":"Startseite","item":"https:\/\/meral-renz.com\/tr\/"},{"@type":"ListItem","position":2,"name":"Shop","item":"https:\/\/meral-renz.com\/shop\/"},{"@type":"ListItem","position":3,"name":"Zwangsverheiratung geht uns alle an"}]},{"@type":"WebSite","@id":"https:\/\/meral-renz.com\/#website","url":"https:\/\/meral-renz.com\/","name":"Meral Renz Sexualtherapie auf deutsch und T\u00fcrkisch","description":"Paar-, Sexual-, Familien- und interkulturelle Therapie","publisher":{"@id":"https:\/\/meral-renz.com\/#\/schema\/person\/a57f4754fb94f17b023c301e50c67562"},"potentialAction":[{"@type":"SearchAction","target":{"@type":"EntryPoint","urlTemplate":"https:\/\/meral-renz.com\/?s={search_term_string}"},"query-input":{"@type":"PropertyValueSpecification","valueRequired":true,"valueName":"search_term_string"}}],"inLanguage":"tr"},{"@type":["Person","Organization"],"@id":"https:\/\/meral-renz.com\/#\/schema\/person\/a57f4754fb94f17b023c301e50c67562","name":"Meral Renz","image":{"@type":"ImageObject","inLanguage":"tr","@id":"https:\/\/meral-renz.com\/wp-content\/uploads\/2022\/06\/Bildschirmfoto-2022-06-02-um-16.24.37.png","url":"https:\/\/meral-renz.com\/wp-content\/uploads\/2022\/06\/Bildschirmfoto-2022-06-02-um-16.24.37.png","contentUrl":"https:\/\/meral-renz.com\/wp-content\/uploads\/2022\/06\/Bildschirmfoto-2022-06-02-um-16.24.37.png","width":784,"height":670,"caption":"Meral Renz"},"logo":{"@id":"https:\/\/meral-renz.com\/wp-content\/uploads\/2022\/06\/Bildschirmfoto-2022-06-02-um-16.24.37.png"},"description":"\u201cJeder Mensch und jedes Paar hat die Chance auf ein gl\u00fccklicheres Leben.\u201d"}]}},"_links":{"self":[{"href":"https:\/\/meral-renz.com\/tr\/wp-json\/wp\/v2\/product\/2643","targetHints":{"allow":["GET"]}}],"collection":[{"href":"https:\/\/meral-renz.com\/tr\/wp-json\/wp\/v2\/product"}],"about":[{"href":"https:\/\/meral-renz.com\/tr\/wp-json\/wp\/v2\/types\/product"}],"replies":[{"embeddable":true,"href":"https:\/\/meral-renz.com\/tr\/wp-json\/wp\/v2\/comments?post=2643"}],"wp:featuredmedia":[{"embeddable":true,"href":"https:\/\/meral-renz.com\/tr\/wp-json\/wp\/v2\/media\/2644"}],"wp:attachment":[{"href":"https:\/\/meral-renz.com\/tr\/wp-json\/wp\/v2\/media?parent=2643"}],"wp:term":[{"taxonomy":"product_brand","embeddable":true,"href":"https:\/\/meral-renz.com\/tr\/wp-json\/wp\/v2\/product_brand?post=2643"},{"taxonomy":"product_cat","embeddable":true,"href":"https:\/\/meral-renz.com\/tr\/wp-json\/wp\/v2\/product_cat?post=2643"},{"taxonomy":"product_tag","embeddable":true,"href":"https:\/\/meral-renz.com\/tr\/wp-json\/wp\/v2\/product_tag?post=2643"}],"curies":[{"name":"wp","href":"https:\/\/api.w.org\/{rel}","templated":true}]}}