{"id":3395,"date":"2022-01-05T01:25:56","date_gmt":"2022-01-04T23:25:56","guid":{"rendered":"http:\/\/meral-renz.com\/?page_id=3395"},"modified":"2022-01-05T01:27:04","modified_gmt":"2022-01-04T23:27:04","slug":"iletisim","status":"publish","type":"page","link":"https:\/\/meral-renz.com\/tr\/iletisim\/","title":{"rendered":"\u0130leti\u015fim"},"content":{"rendered":"\t\t<div data-elementor-type=\"wp-page\" data-elementor-id=\"3395\" class=\"elementor elementor-3395\">\n\t\t\t\t\t\t<section class=\"elementor-section elementor-top-section elementor-element elementor-element-fca2266 elementor-section-boxed elementor-section-height-default elementor-section-height-default\" data-id=\"fca2266\" data-element_type=\"section\" data-e-type=\"section\" data-settings=\"{&quot;background_background&quot;:&quot;classic&quot;}\">\n\t\t\t\t\t\t<div class=\"elementor-container elementor-column-gap-extended\">\n\t\t\t\t\t<div class=\"elementor-column elementor-col-100 elementor-top-column elementor-element elementor-element-1f08fb8\" data-id=\"1f08fb8\" data-element_type=\"column\" data-e-type=\"column\">\n\t\t\t<div class=\"elementor-widget-wrap elementor-element-populated\">\n\t\t\t\t\t\t<section class=\"elementor-section elementor-inner-section elementor-element elementor-element-ee8f210 elementor-reverse-tablet elementor-reverse-mobile elementor-section-boxed elementor-section-height-default elementor-section-height-default elementor-invisible\" data-id=\"ee8f210\" data-element_type=\"section\" data-e-type=\"section\" data-settings=\"{&quot;background_background&quot;:&quot;classic&quot;,&quot;animation&quot;:&quot;fadeIn&quot;}\">\n\t\t\t\t\t\t<div class=\"elementor-container elementor-column-gap-no\">\n\t\t\t\t\t<div class=\"elementor-column elementor-col-100 elementor-inner-column elementor-element elementor-element-1d634cb\" data-id=\"1d634cb\" data-element_type=\"column\" data-e-type=\"column\" data-settings=\"{&quot;background_background&quot;:&quot;classic&quot;}\">\n\t\t\t<div class=\"elementor-widget-wrap elementor-element-populated\">\n\t\t\t\t\t\t<div class=\"elementor-element elementor-element-a8eab52 elementor-widget elementor-widget-heading\" data-id=\"a8eab52\" data-element_type=\"widget\" data-e-type=\"widget\" data-widget_type=\"heading.default\">\n\t\t\t\t<div class=\"elementor-widget-container\">\n\t\t\t\t\t<h3 class=\"elementor-heading-title elementor-size-default\">\u0130leti\u015fim<\/h3>\t\t\t\t<\/div>\n\t\t\t\t<\/div>\n\t\t\t\t<div class=\"elementor-element elementor-element-137e4ff elementor-widget elementor-widget-text-editor\" data-id=\"137e4ff\" data-element_type=\"widget\" data-e-type=\"widget\" data-widget_type=\"text-editor.default\">\n\t\t\t\t<div class=\"elementor-widget-container\">\n\t\t\t\t\t\t\t\t\t<p>E-Posta<\/p>\t\t\t\t\t\t\t\t<\/div>\n\t\t\t\t<\/div>\n\t\t\t\t<div class=\"elementor-element elementor-element-deea7af elementor-widget elementor-widget-text-editor\" data-id=\"deea7af\" data-element_type=\"widget\" data-e-type=\"widget\" data-widget_type=\"text-editor.default\">\n\t\t\t\t<div class=\"elementor-widget-container\">\n\t\t\t\t\t\t\t\t\t<p><a href=\"mailto:meral.renz@web.de\">meral.renz@web.de<\/a><\/p>\t\t\t\t\t\t\t\t<\/div>\n\t\t\t\t<\/div>\n\t\t\t\t<div class=\"elementor-element elementor-element-bff3f38 elementor-widget elementor-widget-text-editor\" data-id=\"bff3f38\" data-element_type=\"widget\" data-e-type=\"widget\" data-widget_type=\"text-editor.default\">\n\t\t\t\t<div class=\"elementor-widget-container\">\n\t\t\t\t\t\t\t\t\t<p>Telefon<\/p>\t\t\t\t\t\t\t\t<\/div>\n\t\t\t\t<\/div>\n\t\t\t\t<div class=\"elementor-element elementor-element-32b75b9 elementor-widget elementor-widget-text-editor\" data-id=\"32b75b9\" data-element_type=\"widget\" data-e-type=\"widget\" data-widget_type=\"text-editor.default\">\n\t\t\t\t<div class=\"elementor-widget-container\">\n\t\t\t\t\t\t\t\t\t<p><a class=\"leadership-t leadership-t-4 margin-lg-b30\" href=\"tel:+49 1632445390\">+49 1632445390<\/a><\/p>\t\t\t\t\t\t\t\t<\/div>\n\t\t\t\t<\/div>\n\t\t\t\t<div class=\"elementor-element elementor-element-e2ad102 elementor-widget elementor-widget-text-editor\" data-id=\"e2ad102\" data-element_type=\"widget\" data-e-type=\"widget\" data-widget_type=\"text-editor.default\">\n\t\t\t\t<div class=\"elementor-widget-container\">\n\t\t\t\t\t\t\t\t\t<p>Adres<\/p>\t\t\t\t\t\t\t\t<\/div>\n\t\t\t\t<\/div>\n\t\t\t\t<div class=\"elementor-element elementor-element-ba6d5b1 elementor-widget elementor-widget-text-editor\" data-id=\"ba6d5b1\" data-element_type=\"widget\" data-e-type=\"widget\" data-widget_type=\"text-editor.default\">\n\t\t\t\t<div class=\"elementor-widget-container\">\n\t\t\t\t\t\t\t\t\t<p><span style=\"font-family: var(--text-font);\">45131 Essen<\/span><\/p><p>Deutschland<\/p>\t\t\t\t\t\t\t\t<\/div>\n\t\t\t\t<\/div>\n\t\t\t\t\t<\/div>\n\t\t<\/div>\n\t\t\t\t\t<\/div>\n\t\t<\/section>\n\t\t\t\t\t<\/div>\n\t\t<\/div>\n\t\t\t\t\t<\/div>\n\t\t<\/section>\n\t\t\t\t<\/div>\n\t\t","protected":false},"excerpt":{"rendered":"<p>\u0130leti\u015fim E-Posta meral.renz@web.de Telefon +49 1632445390 Adres 45131 Essen Deutschland<\/p>\n","protected":false},"author":1,"featured_media":0,"parent":0,"menu_order":0,"comment_status":"closed","ping_status":"closed","template":"","meta":{"footnotes":""},"class_list":["post-3395","page","type-page","status-publish","hentry"],"yoast_head":"<!-- This site is optimized with the Yoast SEO plugin v27.5 - https:\/\/yoast.com\/product\/yoast-seo-wordpress\/ -->\n<title>\u0130leti\u015fim - Meral Renz Sexualtherapie auf deutsch und T\u00fcrkisch<\/title>\n<meta name=\"robots\" content=\"index, follow, max-snippet:-1, max-image-preview:large, max-video-preview:-1\" \/>\n<link rel=\"canonical\" href=\"https:\/\/meral-renz.com\/tr\/iletisim\/\" \/>\n<meta property=\"og:locale\" content=\"tr_TR\" \/>\n<meta property=\"og:type\" content=\"article\" \/>\n<meta property=\"og:title\" content=\"\u0130leti\u015fim - Meral Renz Sexualtherapie auf deutsch und T\u00fcrkisch\" \/>\n<meta property=\"og:description\" content=\"\u0130leti\u015fim E-Posta meral.renz@web.de Telefon +49 1632445390 Adres 45131 Essen Deutschland\" \/>\n<meta property=\"og:url\" content=\"https:\/\/meral-renz.com\/tr\/iletisim\/\" \/>\n<meta property=\"og:site_name\" content=\"Meral Renz Sexualtherapie auf deutsch und T\u00fcrkisch\" \/>\n<meta property=\"article:modified_time\" content=\"2022-01-04T23:27:04+00:00\" \/>\n<meta name=\"twitter:card\" content=\"summary_large_image\" \/>\n<script type=\"application\/ld+json\" class=\"yoast-schema-graph\">{\"@context\":\"https:\\\/\\\/schema.org\",\"@graph\":[{\"@type\":\"WebPage\",\"@id\":\"https:\\\/\\\/meral-renz.com\\\/tr\\\/iletisim\\\/\",\"url\":\"https:\\\/\\\/meral-renz.com\\\/tr\\\/iletisim\\\/\",\"name\":\"\u0130leti\u015fim - Meral Renz Sexualtherapie auf deutsch und T\u00fcrkisch\",\"isPartOf\":{\"@id\":\"https:\\\/\\\/meral-renz.com\\\/#website\"},\"datePublished\":\"2022-01-04T23:25:56+00:00\",\"dateModified\":\"2022-01-04T23:27:04+00:00\",\"breadcrumb\":{\"@id\":\"https:\\\/\\\/meral-renz.com\\\/tr\\\/iletisim\\\/#breadcrumb\"},\"inLanguage\":\"tr\",\"potentialAction\":[{\"@type\":\"ReadAction\",\"target\":[\"https:\\\/\\\/meral-renz.com\\\/tr\\\/iletisim\\\/\"]}]},{\"@type\":\"BreadcrumbList\",\"@id\":\"https:\\\/\\\/meral-renz.com\\\/tr\\\/iletisim\\\/#breadcrumb\",\"itemListElement\":[{\"@type\":\"ListItem\",\"position\":1,\"name\":\"Startseite\",\"item\":\"https:\\\/\\\/meral-renz.com\\\/tr\\\/\"},{\"@type\":\"ListItem\",\"position\":2,\"name\":\"\u0130leti\u015fim\"}]},{\"@type\":\"WebSite\",\"@id\":\"https:\\\/\\\/meral-renz.com\\\/#website\",\"url\":\"https:\\\/\\\/meral-renz.com\\\/\",\"name\":\"Meral Renz Sexualtherapie auf deutsch und T\u00fcrkisch\",\"description\":\"Paar-, Sexual-, Familien- und interkulturelle Therapie\",\"publisher\":{\"@id\":\"https:\\\/\\\/meral-renz.com\\\/#\\\/schema\\\/person\\\/a57f4754fb94f17b023c301e50c67562\"},\"potentialAction\":[{\"@type\":\"SearchAction\",\"target\":{\"@type\":\"EntryPoint\",\"urlTemplate\":\"https:\\\/\\\/meral-renz.com\\\/?s={search_term_string}\"},\"query-input\":{\"@type\":\"PropertyValueSpecification\",\"valueRequired\":true,\"valueName\":\"search_term_string\"}}],\"inLanguage\":\"tr\"},{\"@type\":[\"Person\",\"Organization\"],\"@id\":\"https:\\\/\\\/meral-renz.com\\\/#\\\/schema\\\/person\\\/a57f4754fb94f17b023c301e50c67562\",\"name\":\"Meral Renz\",\"image\":{\"@type\":\"ImageObject\",\"inLanguage\":\"tr\",\"@id\":\"https:\\\/\\\/meral-renz.com\\\/wp-content\\\/uploads\\\/2022\\\/06\\\/Bildschirmfoto-2022-06-02-um-16.24.37.png\",\"url\":\"https:\\\/\\\/meral-renz.com\\\/wp-content\\\/uploads\\\/2022\\\/06\\\/Bildschirmfoto-2022-06-02-um-16.24.37.png\",\"contentUrl\":\"https:\\\/\\\/meral-renz.com\\\/wp-content\\\/uploads\\\/2022\\\/06\\\/Bildschirmfoto-2022-06-02-um-16.24.37.png\",\"width\":784,\"height\":670,\"caption\":\"Meral Renz\"},\"logo\":{\"@id\":\"https:\\\/\\\/meral-renz.com\\\/wp-content\\\/uploads\\\/2022\\\/06\\\/Bildschirmfoto-2022-06-02-um-16.24.37.png\"},\"description\":\"\u201cJeder Mensch und jedes Paar hat die Chance auf ein gl\u00fccklicheres Leben.\u201d\"}]}<\/script>\n<!-- \/ Yoast SEO plugin. -->","yoast_head_json":{"title":"\u0130leti\u015fim - Meral Renz Sexualtherapie auf deutsch und T\u00fcrkisch","robots":{"index":"index","follow":"follow","max-snippet":"max-snippet:-1","max-image-preview":"max-image-preview:large","max-video-preview":"max-video-preview:-1"},"canonical":"https:\/\/meral-renz.com\/tr\/iletisim\/","og_locale":"tr_TR","og_type":"article","og_title":"\u0130leti\u015fim - Meral Renz Sexualtherapie auf deutsch und T\u00fcrkisch","og_description":"\u0130leti\u015fim E-Posta meral.renz@web.de Telefon +49 1632445390 Adres 45131 Essen Deutschland","og_url":"https:\/\/meral-renz.com\/tr\/iletisim\/","og_site_name":"Meral Renz Sexualtherapie auf deutsch und T\u00fcrkisch","article_modified_time":"2022-01-04T23:27:04+00:00","twitter_card":"summary_large_image","schema":{"@context":"https:\/\/schema.org","@graph":[{"@type":"WebPage","@id":"https:\/\/meral-renz.com\/tr\/iletisim\/","url":"https:\/\/meral-renz.com\/tr\/iletisim\/","name":"\u0130leti\u015fim - Meral Renz Sexualtherapie auf deutsch und T\u00fcrkisch","isPartOf":{"@id":"https:\/\/meral-renz.com\/#website"},"datePublished":"2022-01-04T23:25:56+00:00","dateModified":"2022-01-04T23:27:04+00:00","breadcrumb":{"@id":"https:\/\/meral-renz.com\/tr\/iletisim\/#breadcrumb"},"inLanguage":"tr","potentialAction":[{"@type":"ReadAction","target":["https:\/\/meral-renz.com\/tr\/iletisim\/"]}]},{"@type":"BreadcrumbList","@id":"https:\/\/meral-renz.com\/tr\/iletisim\/#breadcrumb","itemListElement":[{"@type":"ListItem","position":1,"name":"Startseite","item":"https:\/\/meral-renz.com\/tr\/"},{"@type":"ListItem","position":2,"name":"\u0130leti\u015fim"}]},{"@type":"WebSite","@id":"https:\/\/meral-renz.com\/#website","url":"https:\/\/meral-renz.com\/","name":"Meral Renz Sexualtherapie auf deutsch und T\u00fcrkisch","description":"Paar-, Sexual-, Familien- und interkulturelle Therapie","publisher":{"@id":"https:\/\/meral-renz.com\/#\/schema\/person\/a57f4754fb94f17b023c301e50c67562"},"potentialAction":[{"@type":"SearchAction","target":{"@type":"EntryPoint","urlTemplate":"https:\/\/meral-renz.com\/?s={search_term_string}"},"query-input":{"@type":"PropertyValueSpecification","valueRequired":true,"valueName":"search_term_string"}}],"inLanguage":"tr"},{"@type":["Person","Organization"],"@id":"https:\/\/meral-renz.com\/#\/schema\/person\/a57f4754fb94f17b023c301e50c67562","name":"Meral Renz","image":{"@type":"ImageObject","inLanguage":"tr","@id":"https:\/\/meral-renz.com\/wp-content\/uploads\/2022\/06\/Bildschirmfoto-2022-06-02-um-16.24.37.png","url":"https:\/\/meral-renz.com\/wp-content\/uploads\/2022\/06\/Bildschirmfoto-2022-06-02-um-16.24.37.png","contentUrl":"https:\/\/meral-renz.com\/wp-content\/uploads\/2022\/06\/Bildschirmfoto-2022-06-02-um-16.24.37.png","width":784,"height":670,"caption":"Meral Renz"},"logo":{"@id":"https:\/\/meral-renz.com\/wp-content\/uploads\/2022\/06\/Bildschirmfoto-2022-06-02-um-16.24.37.png"},"description":"\u201cJeder Mensch und jedes Paar hat die Chance auf ein gl\u00fccklicheres Leben.\u201d"}]}},"_links":{"self":[{"href":"https:\/\/meral-renz.com\/tr\/wp-json\/wp\/v2\/pages\/3395","targetHints":{"allow":["GET"]}}],"collection":[{"href":"https:\/\/meral-renz.com\/tr\/wp-json\/wp\/v2\/pages"}],"about":[{"href":"https:\/\/meral-renz.com\/tr\/wp-json\/wp\/v2\/types\/page"}],"author":[{"embeddable":true,"href":"https:\/\/meral-renz.com\/tr\/wp-json\/wp\/v2\/users\/1"}],"replies":[{"embeddable":true,"href":"https:\/\/meral-renz.com\/tr\/wp-json\/wp\/v2\/comments?post=3395"}],"version-history":[{"count":4,"href":"https:\/\/meral-renz.com\/tr\/wp-json\/wp\/v2\/pages\/3395\/revisions"}],"predecessor-version":[{"id":3399,"href":"https:\/\/meral-renz.com\/tr\/wp-json\/wp\/v2\/pages\/3395\/revisions\/3399"}],"wp:attachment":[{"href":"https:\/\/meral-renz.com\/tr\/wp-json\/wp\/v2\/media?parent=3395"}],"curies":[{"name":"wp","href":"https:\/\/api.w.org\/{rel}","templated":true}]}}