{"id":3372,"date":"2022-01-05T01:08:58","date_gmt":"2022-01-04T23:08:58","guid":{"rendered":"http:\/\/meral-renz.com\/?page_id=3372"},"modified":"2022-01-05T01:11:51","modified_gmt":"2022-01-04T23:11:51","slug":"danismanlik-terapi","status":"publish","type":"page","link":"https:\/\/meral-renz.com\/tr\/danismanlik-terapi\/","title":{"rendered":"Dan\u0131\u015fmanl\u0131k &#038; Terapi"},"content":{"rendered":"\t\t<div data-elementor-type=\"wp-page\" data-elementor-id=\"3372\" class=\"elementor elementor-3372\">\n\t\t\t\t\t\t<section class=\"elementor-section elementor-top-section elementor-element elementor-element-9ca6cf9 elementor-section-boxed elementor-section-height-default elementor-section-height-default\" data-id=\"9ca6cf9\" data-element_type=\"section\" data-e-type=\"section\" data-settings=\"{&quot;background_background&quot;:&quot;classic&quot;}\">\n\t\t\t\t\t\t<div class=\"elementor-container elementor-column-gap-default\">\n\t\t\t\t\t<div class=\"elementor-column elementor-col-50 elementor-top-column elementor-element elementor-element-c114fff\" data-id=\"c114fff\" data-element_type=\"column\" data-e-type=\"column\">\n\t\t\t<div class=\"elementor-widget-wrap elementor-element-populated\">\n\t\t\t\t\t\t<div class=\"elementor-element elementor-element-38f4c6a elementor-widget elementor-widget-heading\" data-id=\"38f4c6a\" data-element_type=\"widget\" data-e-type=\"widget\" data-widget_type=\"heading.default\">\n\t\t\t\t<div class=\"elementor-widget-container\">\n\t\t\t\t\t<h1 class=\"elementor-heading-title elementor-size-default\">Beratung <br>& Therapie<\/h1>\t\t\t\t<\/div>\n\t\t\t\t<\/div>\n\t\t\t\t<div class=\"elementor-element elementor-element-edbae29 elementor-widget elementor-widget-text-editor\" data-id=\"edbae29\" data-element_type=\"widget\" data-e-type=\"widget\" data-widget_type=\"text-editor.default\">\n\t\t\t\t<div class=\"elementor-widget-container\">\n\t\t\t\t\t\t\t\t\t<p id=\"tw-target-text\" class=\"tw-data-text tw-text-large tw-ta\" dir=\"ltr\" data-placeholder=\"\u00dcbersetzung\"><strong><span class=\"Y2IQFc\" lang=\"tr\">Psikoterapi nedir? <\/span><\/strong><\/p><p class=\"tw-data-text tw-text-large tw-ta\" dir=\"ltr\" data-placeholder=\"\u00dcbersetzung\"><span class=\"Y2IQFc\" lang=\"tr\">Psikoterapi, zihinsel sorunlar\u0131 tedavi etmek anlam\u0131na gelir. Psikoterapi, d\u00fc\u015f\u00fcnme, hareket etme ve deneyimleme bozukluklar\u0131n\u0131 belirler ve tedavi eder. Psikoterap\u00f6tik tart\u0131\u015fmalar, gev\u015feme prosed\u00fcrleri veya bili\u015fsel y\u00f6ntemler gibi psikolojik y\u00f6ntemler kullan\u0131l\u0131r.<\/span><\/p><p dir=\"ltr\" data-placeholder=\"\u00dcbersetzung\">\u00a0<\/p>\t\t\t\t\t\t\t\t<\/div>\n\t\t\t\t<\/div>\n\t\t\t\t\t<\/div>\n\t\t<\/div>\n\t\t\t\t<div class=\"elementor-column elementor-col-50 elementor-top-column elementor-element elementor-element-a44134e\" data-id=\"a44134e\" data-element_type=\"column\" data-e-type=\"column\">\n\t\t\t<div class=\"elementor-widget-wrap elementor-element-populated\">\n\t\t\t\t\t\t<div class=\"elementor-element elementor-element-bdf4421 elementor-widget elementor-widget-image\" data-id=\"bdf4421\" data-element_type=\"widget\" data-e-type=\"widget\" data-widget_type=\"image.default\">\n\t\t\t\t<div class=\"elementor-widget-container\">\n\t\t\t\t\t\t\t\t\t\t\t\t\t\t\t<img fetchpriority=\"high\" decoding=\"async\" width=\"820\" height=\"1024\" src=\"https:\/\/meral-renz.com\/wp-content\/uploads\/2021\/08\/IMG_4565-820x1024.jpg\" class=\"attachment-large size-large wp-image-2368\" alt=\"\" srcset=\"https:\/\/meral-renz.com\/wp-content\/uploads\/2021\/08\/IMG_4565-820x1024.jpg 820w, https:\/\/meral-renz.com\/wp-content\/uploads\/2021\/08\/IMG_4565-240x300.jpg 240w, https:\/\/meral-renz.com\/wp-content\/uploads\/2021\/08\/IMG_4565-768x959.jpg 768w, https:\/\/meral-renz.com\/wp-content\/uploads\/2021\/08\/IMG_4565-1230x1536.jpg 1230w, https:\/\/meral-renz.com\/wp-content\/uploads\/2021\/08\/IMG_4565-600x749.jpg 600w, https:\/\/meral-renz.com\/wp-content\/uploads\/2021\/08\/IMG_4565.jpg 1602w\" sizes=\"(max-width: 820px) 100vw, 820px\" \/>\t\t\t\t\t\t\t\t\t\t\t\t\t\t\t<\/div>\n\t\t\t\t<\/div>\n\t\t\t\t\t<\/div>\n\t\t<\/div>\n\t\t\t\t\t<\/div>\n\t\t<\/section>\n\t\t\t\t<section class=\"elementor-section elementor-top-section elementor-element elementor-element-7cb68f5 elementor-section-content-middle elementor-section-boxed elementor-section-height-default elementor-section-height-default\" data-id=\"7cb68f5\" data-element_type=\"section\" data-e-type=\"section\" data-settings=\"{&quot;background_background&quot;:&quot;classic&quot;}\">\n\t\t\t\t\t\t<div class=\"elementor-container elementor-column-gap-no\">\n\t\t\t\t\t<div class=\"elementor-column elementor-col-100 elementor-top-column elementor-element elementor-element-56d85225\" data-id=\"56d85225\" data-element_type=\"column\" data-e-type=\"column\">\n\t\t\t<div class=\"elementor-widget-wrap elementor-element-populated\">\n\t\t\t\t\t\t<div class=\"elementor-element elementor-element-86ae74b elementor-widget elementor-widget-heading\" data-id=\"86ae74b\" data-element_type=\"widget\" data-e-type=\"widget\" data-widget_type=\"heading.default\">\n\t\t\t\t<div class=\"elementor-widget-container\">\n\t\t\t\t\t<h2 class=\"elementor-heading-title elementor-size-default\">Dan\u0131\u015fmanl\u0131k alanlar\u0131m<\/h2>\t\t\t\t<\/div>\n\t\t\t\t<\/div>\n\t\t\t\t<section class=\"elementor-section elementor-inner-section elementor-element elementor-element-4c11669a elementor-section-content-middle elementor-section-boxed elementor-section-height-default elementor-section-height-default\" data-id=\"4c11669a\" data-element_type=\"section\" data-e-type=\"section\">\n\t\t\t\t\t\t<div class=\"elementor-container elementor-column-gap-no\">\n\t\t\t\t\t<div class=\"elementor-column elementor-col-33 elementor-inner-column elementor-element elementor-element-40bb3d0f\" data-id=\"40bb3d0f\" data-element_type=\"column\" data-e-type=\"column\" data-settings=\"{&quot;background_background&quot;:&quot;classic&quot;}\">\n\t\t\t<div class=\"elementor-widget-wrap elementor-element-populated\">\n\t\t\t\t\t\t<div class=\"elementor-element elementor-element-8fc956c elementor-widget elementor-widget-heading\" data-id=\"8fc956c\" data-element_type=\"widget\" data-e-type=\"widget\" data-widget_type=\"heading.default\">\n\t\t\t\t<div class=\"elementor-widget-container\">\n\t\t\t\t\t<h6 class=\"elementor-heading-title elementor-size-default\">\u00c7ift dan\u0131\u015fmanl\u0131\u011f\u0131 ve terapisi <\/h6>\t\t\t\t<\/div>\n\t\t\t\t<\/div>\n\t\t\t\t<div class=\"elementor-element elementor-element-d9f2c37 elementor-widget__width-auto elementor-invisible elementor-widget elementor-widget-leadership-button\" data-id=\"d9f2c37\" data-element_type=\"widget\" data-e-type=\"widget\" data-settings=\"{&quot;_animation&quot;:&quot;fadeIn&quot;,&quot;_animation_delay&quot;:600}\" data-widget_type=\"leadership-button.default\">\n\t\t\t\t<div class=\"elementor-widget-container\">\n\t\t\t\t\t\r\n        <div class=\"button-wrapper\">\r\n\r\n            <a href=\"\"\r\n               class=\"leadership-btn leadership-border-btn    \"\r\n               target=\"_self\">\r\n\r\n                Weiter\r\n                \r\n            <\/a>\r\n\r\n        <\/div>\r\n\r\n        \t\t\t\t<\/div>\n\t\t\t\t<\/div>\n\t\t\t\t\t<\/div>\n\t\t<\/div>\n\t\t\t\t<div class=\"elementor-column elementor-col-33 elementor-inner-column elementor-element elementor-element-5e3ff10a\" data-id=\"5e3ff10a\" data-element_type=\"column\" data-e-type=\"column\">\n\t\t\t<div class=\"elementor-widget-wrap elementor-element-populated\">\n\t\t\t\t\t\t<div class=\"elementor-element elementor-element-ea083e1 elementor-widget elementor-widget-heading\" data-id=\"ea083e1\" data-element_type=\"widget\" data-e-type=\"widget\" data-widget_type=\"heading.default\">\n\t\t\t\t<div class=\"elementor-widget-container\">\n\t\t\t\t\t<h6 class=\"elementor-heading-title elementor-size-default\">Cinsel dan\u0131\u015fmanl\u0131k ve terapi<\/h6>\t\t\t\t<\/div>\n\t\t\t\t<\/div>\n\t\t\t\t<div class=\"elementor-element elementor-element-1d67eb3 elementor-widget__width-auto elementor-invisible elementor-widget elementor-widget-leadership-button\" data-id=\"1d67eb3\" data-element_type=\"widget\" data-e-type=\"widget\" data-settings=\"{&quot;_animation&quot;:&quot;fadeIn&quot;,&quot;_animation_delay&quot;:600}\" data-widget_type=\"leadership-button.default\">\n\t\t\t\t<div class=\"elementor-widget-container\">\n\t\t\t\t\t\r\n        <div class=\"button-wrapper\">\r\n\r\n            <a href=\"http:\/\/meral-renz.com\/sexualberatung-und-therapie\/\"\r\n               class=\"leadership-btn leadership-border-btn    \"\r\n               target=\"_self\">\r\n\r\n                Weiter\r\n                \r\n            <\/a>\r\n\r\n        <\/div>\r\n\r\n        \t\t\t\t<\/div>\n\t\t\t\t<\/div>\n\t\t\t\t\t<\/div>\n\t\t<\/div>\n\t\t\t\t<div class=\"elementor-column elementor-col-33 elementor-inner-column elementor-element elementor-element-744de9d9\" data-id=\"744de9d9\" data-element_type=\"column\" data-e-type=\"column\" data-settings=\"{&quot;background_background&quot;:&quot;classic&quot;}\">\n\t\t\t<div class=\"elementor-widget-wrap elementor-element-populated\">\n\t\t\t\t\t\t<div class=\"elementor-element elementor-element-66c7151 elementor-widget elementor-widget-heading\" data-id=\"66c7151\" data-element_type=\"widget\" data-e-type=\"widget\" data-widget_type=\"heading.default\">\n\t\t\t\t<div class=\"elementor-widget-container\">\n\t\t\t\t\t<h6 class=\"elementor-heading-title elementor-size-default\">\u0130nterk\u00fclt\u00fcrel dan\u0131\u015fmanl\u0131k<\/h6>\t\t\t\t<\/div>\n\t\t\t\t<\/div>\n\t\t\t\t<div class=\"elementor-element elementor-element-f01ebca elementor-widget__width-auto elementor-invisible elementor-widget elementor-widget-leadership-button\" data-id=\"f01ebca\" data-element_type=\"widget\" data-e-type=\"widget\" data-settings=\"{&quot;_animation&quot;:&quot;fadeIn&quot;,&quot;_animation_delay&quot;:600}\" data-widget_type=\"leadership-button.default\">\n\t\t\t\t<div class=\"elementor-widget-container\">\n\t\t\t\t\t\r\n        <div class=\"button-wrapper\">\r\n\r\n            <a href=\"http:\/\/meral-renz.com\/interkulturelle-beratung\/\"\r\n               class=\"leadership-btn leadership-border-btn    \"\r\n               target=\"_self\">\r\n\r\n                Weiter\r\n                \r\n            <\/a>\r\n\r\n        <\/div>\r\n\r\n        \t\t\t\t<\/div>\n\t\t\t\t<\/div>\n\t\t\t\t\t<\/div>\n\t\t<\/div>\n\t\t\t\t\t<\/div>\n\t\t<\/section>\n\t\t\t\t\t<\/div>\n\t\t<\/div>\n\t\t\t\t\t<\/div>\n\t\t<\/section>\n\t\t\t\t<\/div>\n\t\t","protected":false},"excerpt":{"rendered":"<p>Beratung &#038; Therapie Psikoterapi nedir? Psikoterapi, zihinsel sorunlar\u0131 tedavi etmek anlam\u0131na gelir. Psikoterapi, d\u00fc\u015f\u00fcnme, hareket etme ve deneyimleme bozukluklar\u0131n\u0131 belirler [&hellip;]<\/p>\n","protected":false},"author":1,"featured_media":0,"parent":0,"menu_order":0,"comment_status":"closed","ping_status":"closed","template":"","meta":{"footnotes":""},"class_list":["post-3372","page","type-page","status-publish","hentry"],"yoast_head":"<!-- This site is optimized with the Yoast SEO plugin v27.5 - https:\/\/yoast.com\/product\/yoast-seo-wordpress\/ -->\n<title>Dan\u0131\u015fmanl\u0131k &amp; Terapi - Meral Renz Sexualtherapie auf deutsch und T\u00fcrkisch<\/title>\n<meta name=\"robots\" content=\"index, follow, max-snippet:-1, max-image-preview:large, max-video-preview:-1\" \/>\n<link rel=\"canonical\" href=\"https:\/\/meral-renz.com\/tr\/danismanlik-terapi\/\" \/>\n<meta property=\"og:locale\" content=\"tr_TR\" \/>\n<meta property=\"og:type\" content=\"article\" \/>\n<meta property=\"og:title\" content=\"Dan\u0131\u015fmanl\u0131k &amp; Terapi - Meral Renz Sexualtherapie auf deutsch und T\u00fcrkisch\" \/>\n<meta property=\"og:description\" content=\"Beratung &amp; Therapie Psikoterapi nedir? Psikoterapi, zihinsel sorunlar\u0131 tedavi etmek anlam\u0131na gelir. Psikoterapi, d\u00fc\u015f\u00fcnme, hareket etme ve deneyimleme bozukluklar\u0131n\u0131 belirler [&hellip;]\" \/>\n<meta property=\"og:url\" content=\"https:\/\/meral-renz.com\/tr\/danismanlik-terapi\/\" \/>\n<meta property=\"og:site_name\" content=\"Meral Renz Sexualtherapie auf deutsch und T\u00fcrkisch\" \/>\n<meta property=\"article:modified_time\" content=\"2022-01-04T23:11:51+00:00\" \/>\n<meta property=\"og:image\" content=\"https:\/\/meral-renz.com\/wp-content\/uploads\/2021\/08\/IMG_4565-820x1024.jpg\" \/>\n<meta name=\"twitter:card\" content=\"summary_large_image\" \/>\n<script type=\"application\/ld+json\" class=\"yoast-schema-graph\">{\"@context\":\"https:\\\/\\\/schema.org\",\"@graph\":[{\"@type\":\"WebPage\",\"@id\":\"https:\\\/\\\/meral-renz.com\\\/tr\\\/danismanlik-terapi\\\/\",\"url\":\"https:\\\/\\\/meral-renz.com\\\/tr\\\/danismanlik-terapi\\\/\",\"name\":\"Dan\u0131\u015fmanl\u0131k & Terapi - Meral Renz Sexualtherapie auf deutsch und T\u00fcrkisch\",\"isPartOf\":{\"@id\":\"https:\\\/\\\/meral-renz.com\\\/#website\"},\"primaryImageOfPage\":{\"@id\":\"https:\\\/\\\/meral-renz.com\\\/tr\\\/danismanlik-terapi\\\/#primaryimage\"},\"image\":{\"@id\":\"https:\\\/\\\/meral-renz.com\\\/tr\\\/danismanlik-terapi\\\/#primaryimage\"},\"thumbnailUrl\":\"https:\\\/\\\/meral-renz.com\\\/wp-content\\\/uploads\\\/2021\\\/08\\\/IMG_4565-820x1024.jpg\",\"datePublished\":\"2022-01-04T23:08:58+00:00\",\"dateModified\":\"2022-01-04T23:11:51+00:00\",\"breadcrumb\":{\"@id\":\"https:\\\/\\\/meral-renz.com\\\/tr\\\/danismanlik-terapi\\\/#breadcrumb\"},\"inLanguage\":\"tr\",\"potentialAction\":[{\"@type\":\"ReadAction\",\"target\":[\"https:\\\/\\\/meral-renz.com\\\/tr\\\/danismanlik-terapi\\\/\"]}]},{\"@type\":\"ImageObject\",\"inLanguage\":\"tr\",\"@id\":\"https:\\\/\\\/meral-renz.com\\\/tr\\\/danismanlik-terapi\\\/#primaryimage\",\"url\":\"https:\\\/\\\/meral-renz.com\\\/wp-content\\\/uploads\\\/2021\\\/08\\\/IMG_4565-820x1024.jpg\",\"contentUrl\":\"https:\\\/\\\/meral-renz.com\\\/wp-content\\\/uploads\\\/2021\\\/08\\\/IMG_4565-820x1024.jpg\"},{\"@type\":\"BreadcrumbList\",\"@id\":\"https:\\\/\\\/meral-renz.com\\\/tr\\\/danismanlik-terapi\\\/#breadcrumb\",\"itemListElement\":[{\"@type\":\"ListItem\",\"position\":1,\"name\":\"Startseite\",\"item\":\"https:\\\/\\\/meral-renz.com\\\/tr\\\/\"},{\"@type\":\"ListItem\",\"position\":2,\"name\":\"Dan\u0131\u015fmanl\u0131k &#038; Terapi\"}]},{\"@type\":\"WebSite\",\"@id\":\"https:\\\/\\\/meral-renz.com\\\/#website\",\"url\":\"https:\\\/\\\/meral-renz.com\\\/\",\"name\":\"Meral Renz Sexualtherapie auf deutsch und T\u00fcrkisch\",\"description\":\"Paar-, Sexual-, Familien- und interkulturelle Therapie\",\"publisher\":{\"@id\":\"https:\\\/\\\/meral-renz.com\\\/#\\\/schema\\\/person\\\/a57f4754fb94f17b023c301e50c67562\"},\"potentialAction\":[{\"@type\":\"SearchAction\",\"target\":{\"@type\":\"EntryPoint\",\"urlTemplate\":\"https:\\\/\\\/meral-renz.com\\\/?s={search_term_string}\"},\"query-input\":{\"@type\":\"PropertyValueSpecification\",\"valueRequired\":true,\"valueName\":\"search_term_string\"}}],\"inLanguage\":\"tr\"},{\"@type\":[\"Person\",\"Organization\"],\"@id\":\"https:\\\/\\\/meral-renz.com\\\/#\\\/schema\\\/person\\\/a57f4754fb94f17b023c301e50c67562\",\"name\":\"Meral Renz\",\"image\":{\"@type\":\"ImageObject\",\"inLanguage\":\"tr\",\"@id\":\"https:\\\/\\\/meral-renz.com\\\/wp-content\\\/uploads\\\/2022\\\/06\\\/Bildschirmfoto-2022-06-02-um-16.24.37.png\",\"url\":\"https:\\\/\\\/meral-renz.com\\\/wp-content\\\/uploads\\\/2022\\\/06\\\/Bildschirmfoto-2022-06-02-um-16.24.37.png\",\"contentUrl\":\"https:\\\/\\\/meral-renz.com\\\/wp-content\\\/uploads\\\/2022\\\/06\\\/Bildschirmfoto-2022-06-02-um-16.24.37.png\",\"width\":784,\"height\":670,\"caption\":\"Meral Renz\"},\"logo\":{\"@id\":\"https:\\\/\\\/meral-renz.com\\\/wp-content\\\/uploads\\\/2022\\\/06\\\/Bildschirmfoto-2022-06-02-um-16.24.37.png\"},\"description\":\"\u201cJeder Mensch und jedes Paar hat die Chance auf ein gl\u00fccklicheres Leben.\u201d\"}]}<\/script>\n<!-- \/ Yoast SEO plugin. -->","yoast_head_json":{"title":"Dan\u0131\u015fmanl\u0131k & Terapi - Meral Renz Sexualtherapie auf deutsch und T\u00fcrkisch","robots":{"index":"index","follow":"follow","max-snippet":"max-snippet:-1","max-image-preview":"max-image-preview:large","max-video-preview":"max-video-preview:-1"},"canonical":"https:\/\/meral-renz.com\/tr\/danismanlik-terapi\/","og_locale":"tr_TR","og_type":"article","og_title":"Dan\u0131\u015fmanl\u0131k & Terapi - Meral Renz Sexualtherapie auf deutsch und T\u00fcrkisch","og_description":"Beratung & Therapie Psikoterapi nedir? Psikoterapi, zihinsel sorunlar\u0131 tedavi etmek anlam\u0131na gelir. Psikoterapi, d\u00fc\u015f\u00fcnme, hareket etme ve deneyimleme bozukluklar\u0131n\u0131 belirler [&hellip;]","og_url":"https:\/\/meral-renz.com\/tr\/danismanlik-terapi\/","og_site_name":"Meral Renz Sexualtherapie auf deutsch und T\u00fcrkisch","article_modified_time":"2022-01-04T23:11:51+00:00","og_image":[{"url":"https:\/\/meral-renz.com\/wp-content\/uploads\/2021\/08\/IMG_4565-820x1024.jpg","type":"","width":"","height":""}],"twitter_card":"summary_large_image","schema":{"@context":"https:\/\/schema.org","@graph":[{"@type":"WebPage","@id":"https:\/\/meral-renz.com\/tr\/danismanlik-terapi\/","url":"https:\/\/meral-renz.com\/tr\/danismanlik-terapi\/","name":"Dan\u0131\u015fmanl\u0131k & Terapi - Meral Renz Sexualtherapie auf deutsch und T\u00fcrkisch","isPartOf":{"@id":"https:\/\/meral-renz.com\/#website"},"primaryImageOfPage":{"@id":"https:\/\/meral-renz.com\/tr\/danismanlik-terapi\/#primaryimage"},"image":{"@id":"https:\/\/meral-renz.com\/tr\/danismanlik-terapi\/#primaryimage"},"thumbnailUrl":"https:\/\/meral-renz.com\/wp-content\/uploads\/2021\/08\/IMG_4565-820x1024.jpg","datePublished":"2022-01-04T23:08:58+00:00","dateModified":"2022-01-04T23:11:51+00:00","breadcrumb":{"@id":"https:\/\/meral-renz.com\/tr\/danismanlik-terapi\/#breadcrumb"},"inLanguage":"tr","potentialAction":[{"@type":"ReadAction","target":["https:\/\/meral-renz.com\/tr\/danismanlik-terapi\/"]}]},{"@type":"ImageObject","inLanguage":"tr","@id":"https:\/\/meral-renz.com\/tr\/danismanlik-terapi\/#primaryimage","url":"https:\/\/meral-renz.com\/wp-content\/uploads\/2021\/08\/IMG_4565-820x1024.jpg","contentUrl":"https:\/\/meral-renz.com\/wp-content\/uploads\/2021\/08\/IMG_4565-820x1024.jpg"},{"@type":"BreadcrumbList","@id":"https:\/\/meral-renz.com\/tr\/danismanlik-terapi\/#breadcrumb","itemListElement":[{"@type":"ListItem","position":1,"name":"Startseite","item":"https:\/\/meral-renz.com\/tr\/"},{"@type":"ListItem","position":2,"name":"Dan\u0131\u015fmanl\u0131k &#038; Terapi"}]},{"@type":"WebSite","@id":"https:\/\/meral-renz.com\/#website","url":"https:\/\/meral-renz.com\/","name":"Meral Renz Sexualtherapie auf deutsch und T\u00fcrkisch","description":"Paar-, Sexual-, Familien- und interkulturelle Therapie","publisher":{"@id":"https:\/\/meral-renz.com\/#\/schema\/person\/a57f4754fb94f17b023c301e50c67562"},"potentialAction":[{"@type":"SearchAction","target":{"@type":"EntryPoint","urlTemplate":"https:\/\/meral-renz.com\/?s={search_term_string}"},"query-input":{"@type":"PropertyValueSpecification","valueRequired":true,"valueName":"search_term_string"}}],"inLanguage":"tr"},{"@type":["Person","Organization"],"@id":"https:\/\/meral-renz.com\/#\/schema\/person\/a57f4754fb94f17b023c301e50c67562","name":"Meral Renz","image":{"@type":"ImageObject","inLanguage":"tr","@id":"https:\/\/meral-renz.com\/wp-content\/uploads\/2022\/06\/Bildschirmfoto-2022-06-02-um-16.24.37.png","url":"https:\/\/meral-renz.com\/wp-content\/uploads\/2022\/06\/Bildschirmfoto-2022-06-02-um-16.24.37.png","contentUrl":"https:\/\/meral-renz.com\/wp-content\/uploads\/2022\/06\/Bildschirmfoto-2022-06-02-um-16.24.37.png","width":784,"height":670,"caption":"Meral Renz"},"logo":{"@id":"https:\/\/meral-renz.com\/wp-content\/uploads\/2022\/06\/Bildschirmfoto-2022-06-02-um-16.24.37.png"},"description":"\u201cJeder Mensch und jedes Paar hat die Chance auf ein gl\u00fccklicheres Leben.\u201d"}]}},"_links":{"self":[{"href":"https:\/\/meral-renz.com\/tr\/wp-json\/wp\/v2\/pages\/3372","targetHints":{"allow":["GET"]}}],"collection":[{"href":"https:\/\/meral-renz.com\/tr\/wp-json\/wp\/v2\/pages"}],"about":[{"href":"https:\/\/meral-renz.com\/tr\/wp-json\/wp\/v2\/types\/page"}],"author":[{"embeddable":true,"href":"https:\/\/meral-renz.com\/tr\/wp-json\/wp\/v2\/users\/1"}],"replies":[{"embeddable":true,"href":"https:\/\/meral-renz.com\/tr\/wp-json\/wp\/v2\/comments?post=3372"}],"version-history":[{"count":4,"href":"https:\/\/meral-renz.com\/tr\/wp-json\/wp\/v2\/pages\/3372\/revisions"}],"predecessor-version":[{"id":3376,"href":"https:\/\/meral-renz.com\/tr\/wp-json\/wp\/v2\/pages\/3372\/revisions\/3376"}],"wp:attachment":[{"href":"https:\/\/meral-renz.com\/tr\/wp-json\/wp\/v2\/media?parent=3372"}],"curies":[{"name":"wp","href":"https:\/\/api.w.org\/{rel}","templated":true}]}}