{"id":3343,"date":"2022-01-05T00:23:30","date_gmt":"2022-01-04T22:23:30","guid":{"rendered":"http:\/\/meral-renz.com\/?page_id=3343"},"modified":"2022-01-05T00:28:20","modified_gmt":"2022-01-04T22:28:20","slug":"cift-danismanligi-ve-terapisi","status":"publish","type":"page","link":"https:\/\/meral-renz.com\/tr\/cift-danismanligi-ve-terapisi\/","title":{"rendered":"\u00c7ift dan\u0131\u015fmanl\u0131\u011f\u0131 ve terapisi"},"content":{"rendered":"\t\t<div data-elementor-type=\"wp-page\" data-elementor-id=\"3343\" class=\"elementor elementor-3343\">\n\t\t\t\t\t\t<section class=\"elementor-section elementor-top-section elementor-element elementor-element-42b96b2a elementor-section-content-middle elementor-section-boxed elementor-section-height-default elementor-section-height-default\" data-id=\"42b96b2a\" data-element_type=\"section\" data-e-type=\"section\" data-settings=\"{&quot;background_background&quot;:&quot;classic&quot;}\">\n\t\t\t\t\t\t<div class=\"elementor-container elementor-column-gap-default\">\n\t\t\t\t\t<div class=\"elementor-column elementor-col-50 elementor-top-column elementor-element elementor-element-2d32c0ad\" data-id=\"2d32c0ad\" data-element_type=\"column\" data-e-type=\"column\">\n\t\t\t<div class=\"elementor-widget-wrap elementor-element-populated\">\n\t\t\t\t\t\t<div class=\"elementor-element elementor-element-22373cb9 elementor-widget elementor-widget-heading\" data-id=\"22373cb9\" data-element_type=\"widget\" data-e-type=\"widget\" data-widget_type=\"heading.default\">\n\t\t\t\t<div class=\"elementor-widget-container\">\n\t\t\t\t\t<h1 class=\"elementor-heading-title elementor-size-default\">\u00c7ift dan\u0131\u015fmanl\u0131\u011f\u0131 ve terapisi<\/h1>\t\t\t\t<\/div>\n\t\t\t\t<\/div>\n\t\t\t\t\t<\/div>\n\t\t<\/div>\n\t\t\t\t<div class=\"elementor-column elementor-col-50 elementor-top-column elementor-element elementor-element-16e4517b\" data-id=\"16e4517b\" data-element_type=\"column\" data-e-type=\"column\">\n\t\t\t<div class=\"elementor-widget-wrap elementor-element-populated\">\n\t\t\t\t\t\t<div class=\"elementor-element elementor-element-78d86f7 elementor-widget elementor-widget-image\" data-id=\"78d86f7\" data-element_type=\"widget\" data-e-type=\"widget\" data-widget_type=\"image.default\">\n\t\t\t\t<div class=\"elementor-widget-container\">\n\t\t\t\t\t\t\t\t\t\t\t\t\t\t\t<img fetchpriority=\"high\" decoding=\"async\" width=\"1024\" height=\"682\" src=\"https:\/\/meral-renz.com\/wp-content\/uploads\/2021\/08\/IMG_4541-1024x682.jpg\" class=\"attachment-large size-large wp-image-2465\" alt=\"\" srcset=\"https:\/\/meral-renz.com\/wp-content\/uploads\/2021\/08\/IMG_4541-1024x682.jpg 1024w, https:\/\/meral-renz.com\/wp-content\/uploads\/2021\/08\/IMG_4541-300x200.jpg 300w, https:\/\/meral-renz.com\/wp-content\/uploads\/2021\/08\/IMG_4541-768x512.jpg 768w, https:\/\/meral-renz.com\/wp-content\/uploads\/2021\/08\/IMG_4541-1536x1024.jpg 1536w, https:\/\/meral-renz.com\/wp-content\/uploads\/2021\/08\/IMG_4541-600x400.jpg 600w, https:\/\/meral-renz.com\/wp-content\/uploads\/2021\/08\/IMG_4541.jpg 2000w\" sizes=\"(max-width: 1024px) 100vw, 1024px\" \/>\t\t\t\t\t\t\t\t\t\t\t\t\t\t\t<\/div>\n\t\t\t\t<\/div>\n\t\t\t\t\t<\/div>\n\t\t<\/div>\n\t\t\t\t\t<\/div>\n\t\t<\/section>\n\t\t\t\t<section class=\"elementor-section elementor-top-section elementor-element elementor-element-b4b923f elementor-section-boxed elementor-section-height-default elementor-section-height-default\" data-id=\"b4b923f\" data-element_type=\"section\" data-e-type=\"section\">\n\t\t\t\t\t\t<div class=\"elementor-container elementor-column-gap-default\">\n\t\t\t\t\t<div class=\"elementor-column elementor-col-100 elementor-top-column elementor-element elementor-element-4383436e\" data-id=\"4383436e\" data-element_type=\"column\" data-e-type=\"column\">\n\t\t\t<div class=\"elementor-widget-wrap elementor-element-populated\">\n\t\t\t\t\t\t<div class=\"elementor-element elementor-element-7eff6b94 elementor-widget elementor-widget-text-editor\" data-id=\"7eff6b94\" data-element_type=\"widget\" data-e-type=\"widget\" data-widget_type=\"text-editor.default\">\n\t\t\t\t<div class=\"elementor-widget-container\">\n\t\t\t\t\t\t\t\t\t<p class=\"p2\"><span class=\"s1\">G\u00fcn\u00fcm\u00fczde \u00e7ok farkl\u0131 ili\u015fki bi\u00e7imleri var. Uzun s\u00fcreli devam eden ili\u015fkilerin yan\u0131 s\u0131ra ayr\u0131l\u0131k ya da bo\u015fanma sonucu yeniden kurulan birliktelikler oluyor. Ayr\u0131ca \u00e7al\u0131\u015fma ko\u015fullar\u0131 ya da g\u00f6\u00e7 gibi de\u011fi\u015fik nedenlerle ili\u015fkiler uzaktan s\u00fcrd\u00fcr\u00fclebiliyor. Par\u00e7alardan olu\u015fan \u201cPatchwork aile\u201d ya da \u201cg\u00f6k ku\u015fa\u011f\u0131\/LGBT aile\u201d gibi birlikte ya\u015faman\u0131n \u00e7ok de\u011fi\u015fik bi\u00e7imlerine tan\u0131k oluyoruz.<\/span><\/p><p>\u00a0<\/p><p class=\"p2\"><span class=\"s1\">Bu \u00e7e\u015fitlili\u011fe, de\u011fi\u015fen ili\u015fki bi\u00e7imlerine kar\u015f\u0131n \u00e7iftlerin birlikteli\u011finde a\u015fk, g\u00fcvence ve kararl\u0131l\u0131\u011fa duyulan \u00f6zlem hi\u00e7 de\u011fi\u015fmiyor.<span class=\"Apple-converted-space\">\u00a0<\/span><\/span><\/p><p>\u00a0<\/p><p class=\"p2\"><span class=\"s1\">Sa\u011flam, durmu\u015f oturmu\u015f, kararl\u0131 bir ili\u015fki insanlar\u0131n daha mutlu, daha sa\u011fl\u0131kl\u0131, daha diren\u00e7li olmas\u0131n\u0131 sa\u011fl\u0131yor.<\/span><\/p><p>\u00a0<\/p><p class=\"p2\"><span class=\"s1\">Birbirinden uzakla\u015fan, iyi uyum sa\u011flayamayan, s\u0131k s\u0131k kavga eden \u00e7iftlerde bedensel ve psikolojik sa\u011fl\u0131k sorunlar\u0131 da g\u00f6r\u00fclebiliyor.<\/span><\/p><p>\u00a0<\/p><p class=\"p2\"><span class=\"s1\">Profesyonel dan\u0131\u015fmanl\u0131k ve terapi uygulamalar\u0131nda bir araya gelen \u00e7iftler i\u00e7in, \u00f6tekine ger\u00e7ekten ula\u015fmay\u0131 m\u00fcmk\u00fcn k\u0131lacak ileti\u015fimi kurabilecekleri g\u00fcvenli bir ortam sa\u011flan\u0131yor. \u00c7iftler, kendilerini ve e\u015flerini daha iyi anlayabilmeleri, her iki taraf\u00e7a da kabul edilebilir \u00e7\u00f6z\u00fcmleri bulabilmeleri i\u00e7in destek g\u00f6r\u00fcyorlar.<\/span><\/p><p>\u00a0<\/p><p class=\"p1\"><span class=\"s1\">Baz\u0131 sorular veya zorluklar dan\u0131\u015fmanl\u0131k yoluyla \u00e7\u00f6z\u00fclebilirken, baz\u0131 sorunlar ancak psikoterapik tedavi ile \u00e7\u00f6z\u00fclebilir.<\/span><\/p><p>\u00a0<\/p>\t\t\t\t\t\t\t\t<\/div>\n\t\t\t\t<\/div>\n\t\t\t\t\t<\/div>\n\t\t<\/div>\n\t\t\t\t\t<\/div>\n\t\t<\/section>\n\t\t\t\t<section class=\"elementor-section elementor-top-section elementor-element elementor-element-574edfca elementor-section-height-min-height hero-scene elementor-section-boxed elementor-section-height-default elementor-section-items-middle\" data-id=\"574edfca\" data-element_type=\"section\" data-e-type=\"section\" data-settings=\"{&quot;background_background&quot;:&quot;classic&quot;}\">\n\t\t\t\t\t\t<div class=\"elementor-container elementor-column-gap-extended\">\n\t\t\t\t\t<div class=\"elementor-column elementor-col-100 elementor-top-column elementor-element elementor-element-58dc5ce9\" data-id=\"58dc5ce9\" data-element_type=\"column\" data-e-type=\"column\">\n\t\t\t<div class=\"elementor-widget-wrap elementor-element-populated\">\n\t\t\t\t\t\t<div class=\"elementor-element elementor-element-78bc29cd elementor-widget__width-initial elementor-widget-tablet__width-initial elementor-invisible elementor-widget elementor-widget-heading\" data-id=\"78bc29cd\" data-element_type=\"widget\" data-e-type=\"widget\" data-settings=\"{&quot;_animation&quot;:&quot;fadeInUp&quot;}\" data-widget_type=\"heading.default\">\n\t\t\t\t<div class=\"elementor-widget-container\">\n\t\t\t\t\t<h2 class=\"elementor-heading-title elementor-size-default\">\"Her insan ve her \u00e7ift daha mutlu bir ya\u015fam \u015fans\u0131na sahiptir.\"\n<\/h2>\t\t\t\t<\/div>\n\t\t\t\t<\/div>\n\t\t\t\t<div class=\"elementor-element elementor-element-34e46430 elementor-widget__width-initial elementor-hidden-phone elementor-widget-tablet__width-inherit elementor-invisible elementor-widget elementor-widget-text-editor\" data-id=\"34e46430\" data-element_type=\"widget\" data-e-type=\"widget\" data-settings=\"{&quot;_animation&quot;:&quot;fadeInUp&quot;,&quot;_animation_delay&quot;:300}\" data-widget_type=\"text-editor.default\">\n\t\t\t\t<div class=\"elementor-widget-container\">\n\t\t\t\t\t\t\t\t\t<p class=\"p1\"><span class=\"s1\">1998 y\u0131l\u0131ndan beri dan\u0131\u015fmanl\u0131k ve terapi merkezimde psikoterapi, dan\u0131\u015fmanl\u0131k ve ko\u00e7luk hizmeti veriyorum. Terapi ve dan\u0131\u015fmanl\u0131\u011f\u0131 kendileri i\u00e7in bir \u015fans olarak g\u00f6ren bireyler, \u00e7iftler veya aileler bana ba\u015fvurabilirler.<\/span><\/p><p>\u00a0<\/p><p class=\"p1\"><span class=\"s1\">Sizinle a\u015fk, sevgi, ili\u015fki ve cinsellik hakk\u0131nda yarg\u0131lanman\u0131n ve utanc\u0131n olmad\u0131\u011f\u0131 rahat, g\u00fcvenilir bir ortamda ileti\u015fimde olmaya \u00f6nem veriyorum. <\/span><span class=\"s1\">Almanca ve T\u00fcrk\u00e7e olan dan\u0131\u015fmanl\u0131k terapi seanslar\u0131n\u0131 canl\u0131 ve online \u015feklinde sunuyorum.<\/span><\/p>\t\t\t\t\t\t\t\t<\/div>\n\t\t\t\t<\/div>\n\t\t\t\t<div class=\"elementor-element elementor-element-2cc91065 elementor-widget-tablet__width-auto elementor-invisible elementor-widget elementor-widget-leadership-button\" data-id=\"2cc91065\" data-element_type=\"widget\" data-e-type=\"widget\" data-settings=\"{&quot;_animation&quot;:&quot;fadeInUp&quot;,&quot;_animation_delay&quot;:600}\" data-widget_type=\"leadership-button.default\">\n\t\t\t\t<div class=\"elementor-widget-container\">\n\t\t\t\t\t\r\n        <div class=\"button-wrapper\">\r\n\r\n            <a href=\"http:\/\/meral-renz.com\/contact\/\"\r\n               class=\"leadership-btn leadership-default-btn    \"\r\n               target=\"_self\">\r\n\r\n                Kontakt\r\n                \r\n            <\/a>\r\n\r\n        <\/div>\r\n\r\n        \t\t\t\t<\/div>\n\t\t\t\t<\/div>\n\t\t\t\t\t<\/div>\n\t\t<\/div>\n\t\t\t\t\t<\/div>\n\t\t<\/section>\n\t\t\t\t<section class=\"elementor-section elementor-top-section elementor-element elementor-element-f58f2a5 elementor-section-boxed elementor-section-height-default elementor-section-height-default\" data-id=\"f58f2a5\" data-element_type=\"section\" data-e-type=\"section\">\n\t\t\t\t\t\t<div class=\"elementor-container elementor-column-gap-default\">\n\t\t\t\t\t<div class=\"elementor-column elementor-col-100 elementor-top-column elementor-element elementor-element-8495d58\" data-id=\"8495d58\" data-element_type=\"column\" data-e-type=\"column\">\n\t\t\t<div class=\"elementor-widget-wrap elementor-element-populated\">\n\t\t\t\t\t\t<div class=\"elementor-element elementor-element-8f8b5bd elementor-widget elementor-widget-text-editor\" data-id=\"8f8b5bd\" data-element_type=\"widget\" data-e-type=\"widget\" data-widget_type=\"text-editor.default\">\n\t\t\t\t<div class=\"elementor-widget-container\">\n\t\t\t\t\t\t\t\t\t<h3 class=\"p1\"><span class=\"s1\">Dan\u0131\u015fmanl\u0131k ve Terapi konular\u0131<\/span><\/h3><p class=\"p3\"><span class=\"s2\">\u00c7ift dan\u0131\u015fmanl\u0131\u011f\u0131 ve \u00e7ift terapisi a\u015fa\u011f\u0131daki konularda sunuyorum:<\/span><\/p><ul class=\"ul1\"><li class=\"li4\"><span class=\"s2\">\u0130kili ili\u015fkide krizler<\/span><\/li><li class=\"li4\"><span class=\"s2\">\u0130kili ili\u015fkide \u00e7at\u0131\u015fmalar<\/span><\/li><li class=\"li4\"><span class=\"s2\">Evlilik haz\u0131rl\u0131\u011f\u0131 (ili\u015fki temelleri)<\/span><\/li><li class=\"li4\"><span class=\"s2\">Evlilik dan\u0131\u015fmanl\u0131\u011f\u0131 (ko\u00e7luk)<\/span><\/li><li class=\"li4\"><span class=\"s2\">Kirve e\u011fitimi<\/span><\/li><li class=\"li4\"><span class=\"s2\">De\u011fi\u015fen veya zor ya\u015fam ko\u015fullar\u0131<\/span><\/li><li class=\"li4\"><span class=\"s2\">Farkl\u0131 ya\u015fam planlar\u0131 ve ihtiya\u00e7lar\u0131n\u0131 g\u00f6zden ge\u00e7irme<\/span><\/li><li class=\"li4\"><span class=\"s2\">D\u0131\u015f ili\u015fkiler, g\u00fcven k\u0131r\u0131lmas\u0131<\/span><\/li><li class=\"li4\"><span class=\"s2\">Ayr\u0131l\u0131k dan\u0131\u015fmanl\u0131\u011f\u0131<span class=\"Apple-converted-space\">\u00a0<\/span><\/span><\/li><\/ul><h3>\u00a0<\/h3><h3 class=\"p1\"><span class=\"s1\">Dan\u0131\u015fmanl\u0131k ve terapi ama\u00e7lar\u0131<\/span><\/h3><p class=\"p3\"><span class=\"s4\">\u00c7ift dan\u0131\u015fmanl\u0131\u011f\u0131 ve terapisinin ama\u00e7lar\u0131:<\/span><\/p><ul class=\"ul1\"><li class=\"li4\"><span class=\"s2\">\u00c7iftin birlikteliklerine ve birbirlerine olan bak\u0131\u015f a\u00e7\u0131lar\u0131<\/span><\/li><li class=\"li4\"><span class=\"s2\">\u00c7iftin ki\u015fisel s\u0131n\u0131rlar\u0131n\u0131 ve kaynaklar\u0131n\u0131 tan\u0131malar\u0131<\/span><\/li><li class=\"li4\"><span class=\"s2\">Mevcut krizin \u00e7ift i\u00e7in geli\u015fim f\u0131rsatlar\u0131n\u0131n g\u00f6zden ge\u00e7irilmesi<\/span><\/li><li class=\"li4\"><span class=\"s2\"> \u0130leti\u015fim, kom\u00fcnikasyon e\u011fitimi<\/span><\/li><\/ul><h3>\u00a0<\/h3><h3 class=\"p1\"><span class=\"s1\"><b>Dan\u0131\u015fmanl\u0131k veya terapi uygulamas\u0131<\/b><\/span><\/h3><p>\u00a0<\/p><p class=\"p1\"><span class=\"s4\"><b>Tekli g\u00f6r\u00fc\u015fmeler i\u00e7in:<\/b><\/span><\/p><p class=\"p1\"><span class=\"s2\">\u015eu anda bekarsan\u0131z veya kar\u015f\u0131la\u015ft\u0131\u011f\u0131n\u0131z zorluklar\u0131 ilk \u00f6nce tek ba\u015f\u0131n\u0131za halletmek istiyorsan\u0131z.<\/span><\/p><p class=\"p1\"><span class=\"s2\">Ya da partneriniz sizinle ortak bir dan\u0131\u015fmaya gelmeye hen\u00fcz haz\u0131r de\u011fil.<\/span><\/p><p>\u00a0<\/p><p class=\"p1\"><span class=\"s4\"><b>\u00c7iftler i\u00e7in:<\/b><\/span><\/p><p class=\"p1\"><span class=\"s2\">Partnerinizle birlikte dan\u0131\u015fmanl\u0131k i\u00e7in geliyorsunuz veya terapiye kat\u0131l\u0131yorsunuz.<\/span><\/p><p>\u00a0<\/p><p class=\"p1\"><span class=\"s4\"><b>Online Dan\u0131\u015fmanl\u0131k veya terapi uygulamas\u0131<\/b><\/span><\/p><p class=\"p1\"><span class=\"s2\">Ki\u015fisel konu\u015fmalar\u0131n yan\u0131 s\u0131ra online olarak da dan\u0131\u015fma ve terapi olana\u011f\u0131 sunuyorum. Yani g\u00f6r\u00fcnt\u00fcl\u00fc sohbette bulu\u015fuyoruz. Bu g\u00f6r\u00fc\u015fmeler tamamen online veya \u015fahsen g\u00f6r\u00fc\u015fmeler ek online \u015feklinde d\u00f6n\u00fc\u015f\u00fcml\u00fc olabiliyor. Ba\u015f vuranlar bu se\u00e7ene\u011fi tamamen online ya da ki\u015fiye \u00f6zel terapi seanslar\u0131 randevusuyla d\u00f6n\u00fc\u015f\u00fcml\u00fc olarak kullanabilirler<\/span><\/p><p>\u00a0<\/p><p class=\"p1\"><span class=\"s2\"><b>Yo\u011fun terapi (\u00f6rnek: tatil s\u0131ras\u0131nda terapi)<\/b><\/span><\/p><p class=\"p1\"><span class=\"s2\">Terapi, belirli bir zaman biriminde, blok halinde ve de g\u00fcnl\u00fck olarak ger\u00e7ekle\u015fiyor.<\/span><\/p><p class=\"p1\"><span class=\"s2\">Bu format veya olanak, \u00f6ncelikle mesleki veya ki\u015fisel durumlar\u0131 nedeniyle terapiyi belirli bir s\u00fcre i\u00e7inde ger\u00e7ekle\u015ftirmek isteyen \u00e7iftlere y\u00f6neliktir. <\/span><span class=\"s2\">Bu t\u00fcr bir terapi yurt d\u0131\u015f\u0131nda, \u00f6rne\u011fin \u015fu anda T\u00fcrkiye\u2019de tatildeyken yap\u0131labilir.<\/span><\/p>\t\t\t\t\t\t\t\t<\/div>\n\t\t\t\t<\/div>\n\t\t\t\t\t<\/div>\n\t\t<\/div>\n\t\t\t\t\t<\/div>\n\t\t<\/section>\n\t\t\t\t<\/div>\n\t\t","protected":false},"excerpt":{"rendered":"<p>\u00c7ift dan\u0131\u015fmanl\u0131\u011f\u0131 ve terapisi G\u00fcn\u00fcm\u00fczde \u00e7ok farkl\u0131 ili\u015fki bi\u00e7imleri var. Uzun s\u00fcreli devam eden ili\u015fkilerin yan\u0131 s\u0131ra ayr\u0131l\u0131k ya da [&hellip;]<\/p>\n","protected":false},"author":1,"featured_media":0,"parent":0,"menu_order":0,"comment_status":"closed","ping_status":"closed","template":"","meta":{"footnotes":""},"class_list":["post-3343","page","type-page","status-publish","hentry"],"yoast_head":"<!-- This site is optimized with the Yoast SEO plugin v27.5 - https:\/\/yoast.com\/product\/yoast-seo-wordpress\/ -->\n<title>\u00c7ift dan\u0131\u015fmanl\u0131\u011f\u0131 ve terapisi - Meral Renz Sexualtherapie auf deutsch und T\u00fcrkisch<\/title>\n<meta name=\"robots\" content=\"index, follow, max-snippet:-1, max-image-preview:large, max-video-preview:-1\" \/>\n<link rel=\"canonical\" href=\"https:\/\/meral-renz.com\/tr\/cift-danismanligi-ve-terapisi\/\" \/>\n<meta property=\"og:locale\" content=\"tr_TR\" \/>\n<meta property=\"og:type\" content=\"article\" \/>\n<meta property=\"og:title\" content=\"\u00c7ift dan\u0131\u015fmanl\u0131\u011f\u0131 ve terapisi - Meral Renz Sexualtherapie auf deutsch und T\u00fcrkisch\" \/>\n<meta property=\"og:description\" content=\"\u00c7ift dan\u0131\u015fmanl\u0131\u011f\u0131 ve terapisi G\u00fcn\u00fcm\u00fczde \u00e7ok farkl\u0131 ili\u015fki bi\u00e7imleri var. Uzun s\u00fcreli devam eden ili\u015fkilerin yan\u0131 s\u0131ra ayr\u0131l\u0131k ya da [&hellip;]\" \/>\n<meta property=\"og:url\" content=\"https:\/\/meral-renz.com\/tr\/cift-danismanligi-ve-terapisi\/\" \/>\n<meta property=\"og:site_name\" content=\"Meral Renz Sexualtherapie auf deutsch und T\u00fcrkisch\" \/>\n<meta property=\"article:modified_time\" content=\"2022-01-04T22:28:20+00:00\" \/>\n<meta property=\"og:image\" content=\"https:\/\/meral-renz.com\/wp-content\/uploads\/2021\/08\/IMG_4541-1024x682.jpg\" \/>\n<meta name=\"twitter:card\" content=\"summary_large_image\" \/>\n<meta name=\"twitter:label1\" content=\"Tahmini okuma s\u00fcresi\" \/>\n\t<meta name=\"twitter:data1\" content=\"3 dakika\" \/>\n<script type=\"application\/ld+json\" class=\"yoast-schema-graph\">{\"@context\":\"https:\\\/\\\/schema.org\",\"@graph\":[{\"@type\":\"WebPage\",\"@id\":\"https:\\\/\\\/meral-renz.com\\\/tr\\\/cift-danismanligi-ve-terapisi\\\/\",\"url\":\"https:\\\/\\\/meral-renz.com\\\/tr\\\/cift-danismanligi-ve-terapisi\\\/\",\"name\":\"\u00c7ift dan\u0131\u015fmanl\u0131\u011f\u0131 ve terapisi - Meral Renz Sexualtherapie auf deutsch und T\u00fcrkisch\",\"isPartOf\":{\"@id\":\"https:\\\/\\\/meral-renz.com\\\/#website\"},\"primaryImageOfPage\":{\"@id\":\"https:\\\/\\\/meral-renz.com\\\/tr\\\/cift-danismanligi-ve-terapisi\\\/#primaryimage\"},\"image\":{\"@id\":\"https:\\\/\\\/meral-renz.com\\\/tr\\\/cift-danismanligi-ve-terapisi\\\/#primaryimage\"},\"thumbnailUrl\":\"https:\\\/\\\/meral-renz.com\\\/wp-content\\\/uploads\\\/2021\\\/08\\\/IMG_4541-1024x682.jpg\",\"datePublished\":\"2022-01-04T22:23:30+00:00\",\"dateModified\":\"2022-01-04T22:28:20+00:00\",\"breadcrumb\":{\"@id\":\"https:\\\/\\\/meral-renz.com\\\/tr\\\/cift-danismanligi-ve-terapisi\\\/#breadcrumb\"},\"inLanguage\":\"tr\",\"potentialAction\":[{\"@type\":\"ReadAction\",\"target\":[\"https:\\\/\\\/meral-renz.com\\\/tr\\\/cift-danismanligi-ve-terapisi\\\/\"]}]},{\"@type\":\"ImageObject\",\"inLanguage\":\"tr\",\"@id\":\"https:\\\/\\\/meral-renz.com\\\/tr\\\/cift-danismanligi-ve-terapisi\\\/#primaryimage\",\"url\":\"https:\\\/\\\/meral-renz.com\\\/wp-content\\\/uploads\\\/2021\\\/08\\\/IMG_4541-1024x682.jpg\",\"contentUrl\":\"https:\\\/\\\/meral-renz.com\\\/wp-content\\\/uploads\\\/2021\\\/08\\\/IMG_4541-1024x682.jpg\"},{\"@type\":\"BreadcrumbList\",\"@id\":\"https:\\\/\\\/meral-renz.com\\\/tr\\\/cift-danismanligi-ve-terapisi\\\/#breadcrumb\",\"itemListElement\":[{\"@type\":\"ListItem\",\"position\":1,\"name\":\"Startseite\",\"item\":\"https:\\\/\\\/meral-renz.com\\\/tr\\\/\"},{\"@type\":\"ListItem\",\"position\":2,\"name\":\"\u00c7ift dan\u0131\u015fmanl\u0131\u011f\u0131 ve terapisi\"}]},{\"@type\":\"WebSite\",\"@id\":\"https:\\\/\\\/meral-renz.com\\\/#website\",\"url\":\"https:\\\/\\\/meral-renz.com\\\/\",\"name\":\"Meral Renz Sexualtherapie auf deutsch und T\u00fcrkisch\",\"description\":\"Paar-, Sexual-, Familien- und interkulturelle Therapie\",\"publisher\":{\"@id\":\"https:\\\/\\\/meral-renz.com\\\/#\\\/schema\\\/person\\\/a57f4754fb94f17b023c301e50c67562\"},\"potentialAction\":[{\"@type\":\"SearchAction\",\"target\":{\"@type\":\"EntryPoint\",\"urlTemplate\":\"https:\\\/\\\/meral-renz.com\\\/?s={search_term_string}\"},\"query-input\":{\"@type\":\"PropertyValueSpecification\",\"valueRequired\":true,\"valueName\":\"search_term_string\"}}],\"inLanguage\":\"tr\"},{\"@type\":[\"Person\",\"Organization\"],\"@id\":\"https:\\\/\\\/meral-renz.com\\\/#\\\/schema\\\/person\\\/a57f4754fb94f17b023c301e50c67562\",\"name\":\"Meral Renz\",\"image\":{\"@type\":\"ImageObject\",\"inLanguage\":\"tr\",\"@id\":\"https:\\\/\\\/meral-renz.com\\\/wp-content\\\/uploads\\\/2022\\\/06\\\/Bildschirmfoto-2022-06-02-um-16.24.37.png\",\"url\":\"https:\\\/\\\/meral-renz.com\\\/wp-content\\\/uploads\\\/2022\\\/06\\\/Bildschirmfoto-2022-06-02-um-16.24.37.png\",\"contentUrl\":\"https:\\\/\\\/meral-renz.com\\\/wp-content\\\/uploads\\\/2022\\\/06\\\/Bildschirmfoto-2022-06-02-um-16.24.37.png\",\"width\":784,\"height\":670,\"caption\":\"Meral Renz\"},\"logo\":{\"@id\":\"https:\\\/\\\/meral-renz.com\\\/wp-content\\\/uploads\\\/2022\\\/06\\\/Bildschirmfoto-2022-06-02-um-16.24.37.png\"},\"description\":\"\u201cJeder Mensch und jedes Paar hat die Chance auf ein gl\u00fccklicheres Leben.\u201d\"}]}<\/script>\n<!-- \/ Yoast SEO plugin. -->","yoast_head_json":{"title":"\u00c7ift dan\u0131\u015fmanl\u0131\u011f\u0131 ve terapisi - Meral Renz Sexualtherapie auf deutsch und T\u00fcrkisch","robots":{"index":"index","follow":"follow","max-snippet":"max-snippet:-1","max-image-preview":"max-image-preview:large","max-video-preview":"max-video-preview:-1"},"canonical":"https:\/\/meral-renz.com\/tr\/cift-danismanligi-ve-terapisi\/","og_locale":"tr_TR","og_type":"article","og_title":"\u00c7ift dan\u0131\u015fmanl\u0131\u011f\u0131 ve terapisi - Meral Renz Sexualtherapie auf deutsch und T\u00fcrkisch","og_description":"\u00c7ift dan\u0131\u015fmanl\u0131\u011f\u0131 ve terapisi G\u00fcn\u00fcm\u00fczde \u00e7ok farkl\u0131 ili\u015fki bi\u00e7imleri var. Uzun s\u00fcreli devam eden ili\u015fkilerin yan\u0131 s\u0131ra ayr\u0131l\u0131k ya da [&hellip;]","og_url":"https:\/\/meral-renz.com\/tr\/cift-danismanligi-ve-terapisi\/","og_site_name":"Meral Renz Sexualtherapie auf deutsch und T\u00fcrkisch","article_modified_time":"2022-01-04T22:28:20+00:00","og_image":[{"url":"https:\/\/meral-renz.com\/wp-content\/uploads\/2021\/08\/IMG_4541-1024x682.jpg","type":"","width":"","height":""}],"twitter_card":"summary_large_image","twitter_misc":{"Tahmini okuma s\u00fcresi":"3 dakika"},"schema":{"@context":"https:\/\/schema.org","@graph":[{"@type":"WebPage","@id":"https:\/\/meral-renz.com\/tr\/cift-danismanligi-ve-terapisi\/","url":"https:\/\/meral-renz.com\/tr\/cift-danismanligi-ve-terapisi\/","name":"\u00c7ift dan\u0131\u015fmanl\u0131\u011f\u0131 ve terapisi - Meral Renz Sexualtherapie auf deutsch und T\u00fcrkisch","isPartOf":{"@id":"https:\/\/meral-renz.com\/#website"},"primaryImageOfPage":{"@id":"https:\/\/meral-renz.com\/tr\/cift-danismanligi-ve-terapisi\/#primaryimage"},"image":{"@id":"https:\/\/meral-renz.com\/tr\/cift-danismanligi-ve-terapisi\/#primaryimage"},"thumbnailUrl":"https:\/\/meral-renz.com\/wp-content\/uploads\/2021\/08\/IMG_4541-1024x682.jpg","datePublished":"2022-01-04T22:23:30+00:00","dateModified":"2022-01-04T22:28:20+00:00","breadcrumb":{"@id":"https:\/\/meral-renz.com\/tr\/cift-danismanligi-ve-terapisi\/#breadcrumb"},"inLanguage":"tr","potentialAction":[{"@type":"ReadAction","target":["https:\/\/meral-renz.com\/tr\/cift-danismanligi-ve-terapisi\/"]}]},{"@type":"ImageObject","inLanguage":"tr","@id":"https:\/\/meral-renz.com\/tr\/cift-danismanligi-ve-terapisi\/#primaryimage","url":"https:\/\/meral-renz.com\/wp-content\/uploads\/2021\/08\/IMG_4541-1024x682.jpg","contentUrl":"https:\/\/meral-renz.com\/wp-content\/uploads\/2021\/08\/IMG_4541-1024x682.jpg"},{"@type":"BreadcrumbList","@id":"https:\/\/meral-renz.com\/tr\/cift-danismanligi-ve-terapisi\/#breadcrumb","itemListElement":[{"@type":"ListItem","position":1,"name":"Startseite","item":"https:\/\/meral-renz.com\/tr\/"},{"@type":"ListItem","position":2,"name":"\u00c7ift dan\u0131\u015fmanl\u0131\u011f\u0131 ve terapisi"}]},{"@type":"WebSite","@id":"https:\/\/meral-renz.com\/#website","url":"https:\/\/meral-renz.com\/","name":"Meral Renz Sexualtherapie auf deutsch und T\u00fcrkisch","description":"Paar-, Sexual-, Familien- und interkulturelle Therapie","publisher":{"@id":"https:\/\/meral-renz.com\/#\/schema\/person\/a57f4754fb94f17b023c301e50c67562"},"potentialAction":[{"@type":"SearchAction","target":{"@type":"EntryPoint","urlTemplate":"https:\/\/meral-renz.com\/?s={search_term_string}"},"query-input":{"@type":"PropertyValueSpecification","valueRequired":true,"valueName":"search_term_string"}}],"inLanguage":"tr"},{"@type":["Person","Organization"],"@id":"https:\/\/meral-renz.com\/#\/schema\/person\/a57f4754fb94f17b023c301e50c67562","name":"Meral Renz","image":{"@type":"ImageObject","inLanguage":"tr","@id":"https:\/\/meral-renz.com\/wp-content\/uploads\/2022\/06\/Bildschirmfoto-2022-06-02-um-16.24.37.png","url":"https:\/\/meral-renz.com\/wp-content\/uploads\/2022\/06\/Bildschirmfoto-2022-06-02-um-16.24.37.png","contentUrl":"https:\/\/meral-renz.com\/wp-content\/uploads\/2022\/06\/Bildschirmfoto-2022-06-02-um-16.24.37.png","width":784,"height":670,"caption":"Meral Renz"},"logo":{"@id":"https:\/\/meral-renz.com\/wp-content\/uploads\/2022\/06\/Bildschirmfoto-2022-06-02-um-16.24.37.png"},"description":"\u201cJeder Mensch und jedes Paar hat die Chance auf ein gl\u00fccklicheres Leben.\u201d"}]}},"_links":{"self":[{"href":"https:\/\/meral-renz.com\/tr\/wp-json\/wp\/v2\/pages\/3343","targetHints":{"allow":["GET"]}}],"collection":[{"href":"https:\/\/meral-renz.com\/tr\/wp-json\/wp\/v2\/pages"}],"about":[{"href":"https:\/\/meral-renz.com\/tr\/wp-json\/wp\/v2\/types\/page"}],"author":[{"embeddable":true,"href":"https:\/\/meral-renz.com\/tr\/wp-json\/wp\/v2\/users\/1"}],"replies":[{"embeddable":true,"href":"https:\/\/meral-renz.com\/tr\/wp-json\/wp\/v2\/comments?post=3343"}],"version-history":[{"count":4,"href":"https:\/\/meral-renz.com\/tr\/wp-json\/wp\/v2\/pages\/3343\/revisions"}],"predecessor-version":[{"id":3347,"href":"https:\/\/meral-renz.com\/tr\/wp-json\/wp\/v2\/pages\/3343\/revisions\/3347"}],"wp:attachment":[{"href":"https:\/\/meral-renz.com\/tr\/wp-json\/wp\/v2\/media?parent=3343"}],"curies":[{"name":"wp","href":"https:\/\/api.w.org\/{rel}","templated":true}]}}