{"id":3305,"date":"2022-01-04T17:23:13","date_gmt":"2022-01-04T15:23:13","guid":{"rendered":"http:\/\/meral-renz.com\/?page_id=3305"},"modified":"2022-01-04T17:29:25","modified_gmt":"2022-01-04T15:29:25","slug":"hakkimda","status":"publish","type":"page","link":"https:\/\/meral-renz.com\/tr\/hakkimda\/","title":{"rendered":"Hakkimda"},"content":{"rendered":"\t\t<div data-elementor-type=\"wp-page\" data-elementor-id=\"3305\" class=\"elementor elementor-3305\">\n\t\t\t\t\t\t<section class=\"elementor-section elementor-top-section elementor-element elementor-element-79b9edd elementor-section-boxed elementor-section-height-default elementor-section-height-default\" data-id=\"79b9edd\" data-element_type=\"section\" data-e-type=\"section\" data-settings=\"{&quot;background_background&quot;:&quot;classic&quot;}\">\n\t\t\t\t\t\t<div class=\"elementor-container elementor-column-gap-default\">\n\t\t\t\t\t<div class=\"elementor-column elementor-col-100 elementor-top-column elementor-element elementor-element-9ba55f4\" data-id=\"9ba55f4\" data-element_type=\"column\" data-e-type=\"column\">\n\t\t\t<div class=\"elementor-widget-wrap elementor-element-populated\">\n\t\t\t\t\t\t<div class=\"elementor-element elementor-element-b1bf792 elementor-widget elementor-widget-image\" data-id=\"b1bf792\" data-element_type=\"widget\" data-e-type=\"widget\" data-widget_type=\"image.default\">\n\t\t\t\t<div class=\"elementor-widget-container\">\n\t\t\t\t\t\t\t\t\t\t\t\t\t\t\t<img fetchpriority=\"high\" decoding=\"async\" width=\"1024\" height=\"596\" src=\"https:\/\/meral-renz.com\/wp-content\/uploads\/2021\/08\/Meral-Renz_Gesichter-Ruhr_01-1024x596.jpg\" class=\"attachment-large size-large wp-image-2332\" alt=\"\" srcset=\"https:\/\/meral-renz.com\/wp-content\/uploads\/2021\/08\/Meral-Renz_Gesichter-Ruhr_01-1024x596.jpg 1024w, https:\/\/meral-renz.com\/wp-content\/uploads\/2021\/08\/Meral-Renz_Gesichter-Ruhr_01-300x175.jpg 300w, https:\/\/meral-renz.com\/wp-content\/uploads\/2021\/08\/Meral-Renz_Gesichter-Ruhr_01-768x447.jpg 768w, https:\/\/meral-renz.com\/wp-content\/uploads\/2021\/08\/Meral-Renz_Gesichter-Ruhr_01-1536x895.jpg 1536w, https:\/\/meral-renz.com\/wp-content\/uploads\/2021\/08\/Meral-Renz_Gesichter-Ruhr_01-600x350.jpg 600w, https:\/\/meral-renz.com\/wp-content\/uploads\/2021\/08\/Meral-Renz_Gesichter-Ruhr_01.jpg 2000w\" sizes=\"(max-width: 1024px) 100vw, 1024px\" \/>\t\t\t\t\t\t\t\t\t\t\t\t\t\t\t<\/div>\n\t\t\t\t<\/div>\n\t\t\t\t\t<\/div>\n\t\t<\/div>\n\t\t\t\t\t<\/div>\n\t\t<\/section>\n\t\t\t\t<section class=\"elementor-section elementor-top-section elementor-element elementor-element-f7aafa6 elementor-section-boxed elementor-section-height-default elementor-section-height-default\" data-id=\"f7aafa6\" data-element_type=\"section\" data-e-type=\"section\" data-settings=\"{&quot;background_background&quot;:&quot;classic&quot;}\">\n\t\t\t\t\t\t<div class=\"elementor-container elementor-column-gap-default\">\n\t\t\t\t\t<div class=\"elementor-column elementor-col-100 elementor-top-column elementor-element elementor-element-6a4e519\" data-id=\"6a4e519\" data-element_type=\"column\" data-e-type=\"column\">\n\t\t\t<div class=\"elementor-widget-wrap elementor-element-populated\">\n\t\t\t\t\t\t<div class=\"elementor-element elementor-element-801b722 elementor-widget elementor-widget-text-editor\" data-id=\"801b722\" data-element_type=\"widget\" data-e-type=\"widget\" data-widget_type=\"text-editor.default\">\n\t\t\t\t<div class=\"elementor-widget-container\">\n\t\t\t\t\t\t\t\t\t<p class=\"p1\"><span class=\"s1\">Karadeniz\u2019de T\u00fcrkiye\u2019de do\u011fdum, b\u00fcy\u00fcd\u00fcm ve \u015fimdi Essen\u2019 de ya\u015f\u0131yorum, farkl\u0131 d\u00fcnyalarda ya\u015faman\u0131n ve ki\u015finin kendisi i\u00e7in en iyisini bulma zorlu\u011funu biliyorum.<\/span><\/p><p class=\"p2\"><span class=\"s1\"><span class=\"Apple-converted-space\">\u00a0<\/span><\/span><\/p><p class=\"p1\"><span class=\"s1\">Essen\u2019de pedagoji okudum. <\/span><span class=\"s1\">Gestalt terapisti olarak e\u011fitimimi Hollanda\u2019daki Heel Enstit\u00fcs\u00fc\u2019nde ve Cinsel terapisti olarak e\u011fitimimi <\/span><span class=\"s2\"><i>Deutschen Gesellschaft f\u00fcr Sexualforschung`ta<span class=\"Apple-converted-space\">\u00a0 <\/span><\/i><\/span><span class=\"s1\">(DGfS) tamamlad\u0131m. Ayr\u0131ca sistemik \u00e7ift ve aile terapisinin yan\u0131 s\u0131ra travma terapisi (EMDR) e\u011fitimi ile terapi yetkinli\u011fimi geni\u015flettim.<\/span><\/p><p class=\"p2\"><span class=\"s1\"><span class=\"Apple-converted-space\">\u00a0<\/span><\/span><\/p><p class=\"p1\"><span class=\"s1\">25 y\u0131l\u0131 a\u015fk\u0131n bir s\u00fcredir hamilelik ve cinsel dan\u0131\u015fmanl\u0131k, aile planlamas\u0131 ve cinsel e\u011fitim odakl\u0131 bir dan\u0131\u015fma merkezinde \u00e7al\u0131\u015f\u0131yorum. Pratik deneyimime ek olarak, metodolojik konular\u0131 ele ald\u0131m ve \u201cK\u00fclt\u00fcrleraras\u0131 Gruplarda Cinsel E\u011fitim\u201d (<\/span><span class=\"s2\">\u201eSexualp\u00e4dagogik in interkulturellen Gruppen\u201c) <\/span><span class=\"s1\">kitab\u0131n\u0131 yay\u0131nlad\u0131m.<\/span><\/p><p>\u00a0<\/p><p class=\"p1\"><span class=\"s1\">E\u011fitmen olarak k\u00fclt\u00fcrleraras\u0131 gruplara cinsel e\u011fitim konular\u0131nda e\u011fitim veriyorum. Ekipler veya uzman gruplar, k\u00fclt\u00fcrleraras\u0131 gruplarla \u00e7al\u0131\u015fmalar\u0131 i\u00e7in becerilerini geli\u015ftirebilecekleri seminerler i\u00e7in rezervasyon yapabilirler.<\/span><\/p><p class=\"p2\"><span class=\"s1\"><span class=\"Apple-converted-space\">\u00a0<\/span><\/span><\/p><p class=\"p1\"><span class=\"s1\">1998 y\u0131l\u0131ndan beri merkezimde psikoterapi, dan\u0131\u015fmanl\u0131k ve ko\u00e7luk hizmeti vermekteyim. Terapi ve dan\u0131\u015fmanl\u0131\u011f\u0131 kendileri i\u00e7in bir \u015fans<span class=\"Apple-converted-space\">\u00a0 <\/span>olarak g\u00f6ren bireyler, \u00e7iftler veya aileler bana ba\u015fvurabilirler.<\/span><\/p><p>\u00a0<\/p><p class=\"p1\"><span class=\"s1\">Cinsel bozukluklar, ki\u015fisel zorluklara, \u00f6nemli psikolojik veya fiziksel rahats\u0131zl\u0131klara neden olabilirler. \u00c7ift ili\u015fkilerinde cinsel bozukluklar \u00e7iftlerin yabanc\u0131la\u015fmas\u0131na, \u00e7at\u0131\u015fmas\u0131na veya ayr\u0131lmas\u0131na neden olabilir. \u00c7iftler aras\u0131ndaki \u00e7at\u0131\u015fmalar \u00e7\u00f6z\u00fclmemi\u015f sorunlar ise duygusal uzakl\u0131k ve cinselli\u011fe olumsuz etki yapabilir.<\/span><\/p><p>\u00a0<\/p><p class=\"p1\"><span class=\"s1\">Terapi s\u00fcrecinde \u00e7iftlerin sorunlar\u0131 ve cinsel bozukluklar\u0131na kar\u015f\u0131 \u00e7al\u0131\u015fmalar\u0131 ve birlikte \u00e7\u00f6z\u00fcm \u00fcretmeleri, genellikle ya\u015famlar\u0131n\u0131, ili\u015fkilerini daha mutlu ve daha tatmin edici s\u00fcrd\u00fcrmelerini sa\u011flar.<\/span><\/p><p>\u00a0<\/p><h2 class=\"p1\"><span class=\"s1\">\u201cHer insan ve her \u00e7ift daha mutlu bir ya\u015fam \u015fans\u0131na sahiptir.\u201d<\/span><\/h2><p>\u00a0<\/p><p class=\"p1\"><span class=\"s1\">Sizinle a\u015fk, sevgi, ili\u015fki ve cinsellik hakk\u0131nda yarg\u0131 ve utanma olmayan rahat bir ortamda ileti\u015fimde olmak, benim i\u00e7in \u00f6nemli. <\/span><span class=\"s1\"><a href=\"http:\/\/www.gtp-online.eu\">T\u00fcrk\u00e7e Konu\u015fan Psikoterapi ve Psikososyal Dan\u0131\u015fmanl\u0131k Derne\u011fi<\/a> \u00fcyesiyim (<\/span><span class=\"s2\">Gesellschaft f\u00fcr t\u00fcrkischsprachige Psychotherapie und Psychosoziale Beratung) ve <\/span><span class=\"s1\"><a href=\"https:\/\/psychotherapie.therapeuten-im-netz.de\/organisation\/archiv\/Meral_Renz_im_Netzwerk_Psychotherapie.htm\">Netzwerk Psychotherapie<\/a>`ye kay<\/span><span class=\"s2\">\u0131<\/span><span class=\"s1\">tl<\/span><span class=\"s2\">\u0131<\/span><span class=\"s1\">y<\/span><span class=\"s2\">\u0131<\/span><span class=\"s1\">m.<\/span><\/p>\t\t\t\t\t\t\t\t<\/div>\n\t\t\t\t<\/div>\n\t\t\t\t\t<\/div>\n\t\t<\/div>\n\t\t\t\t\t<\/div>\n\t\t<\/section>\n\t\t\t\t<section class=\"elementor-section elementor-top-section elementor-element elementor-element-7421228 elementor-section-boxed elementor-section-height-default elementor-section-height-default\" data-id=\"7421228\" data-element_type=\"section\" data-e-type=\"section\" data-settings=\"{&quot;background_background&quot;:&quot;classic&quot;}\">\n\t\t\t\t\t\t<div class=\"elementor-container elementor-column-gap-extended\">\n\t\t\t\t\t<div class=\"elementor-column elementor-col-50 elementor-top-column elementor-element elementor-element-537f5cf sticky-content\" data-id=\"537f5cf\" data-element_type=\"column\" data-e-type=\"column\">\n\t\t\t<div class=\"elementor-widget-wrap elementor-element-populated\">\n\t\t\t\t\t\t<div class=\"elementor-element elementor-element-0d4cec8 elementor-invisible elementor-widget elementor-widget-heading\" data-id=\"0d4cec8\" data-element_type=\"widget\" data-e-type=\"widget\" data-settings=\"{&quot;_animation&quot;:&quot;fadeIn&quot;}\" data-widget_type=\"heading.default\">\n\t\t\t\t<div class=\"elementor-widget-container\">\n\t\t\t\t\t<h2 class=\"elementor-heading-title elementor-size-default\">Yay\u0131nlar\u0131m<\/h2>\t\t\t\t<\/div>\n\t\t\t\t<\/div>\n\t\t\t\t\t<\/div>\n\t\t<\/div>\n\t\t\t\t<div class=\"elementor-column elementor-col-50 elementor-top-column elementor-element elementor-element-1daea87\" data-id=\"1daea87\" data-element_type=\"column\" data-e-type=\"column\">\n\t\t\t<div class=\"elementor-widget-wrap elementor-element-populated\">\n\t\t\t\t\t\t<div class=\"elementor-element elementor-element-c256a02 elementor-widget elementor-widget-leadership-latest-products-widget\" data-id=\"c256a02\" data-element_type=\"widget\" data-e-type=\"widget\" data-widget_type=\"leadership-latest-products-widget.default\">\n\t\t\t\t<div class=\"elementor-widget-container\">\n\t\t\t\t\t\r\n        <div class=\"latest-products\">\r\n\r\n            \r\n                <div class=\"leadership-card-product\">\r\n\r\n                   <div class=\"card-inner\">\r\n\r\n                       <a href=\"https:\/\/meral-renz.com\/tr\/product\/sexualpaedagogik-in-interkulturellen-gruppen\/\" class=\"link-overlay\"><\/a>\r\n\r\n                       <img decoding=\"async\" width=\"220\" height=\"300\" src=\"https:\/\/meral-renz.com\/wp-content\/uploads\/2021\/04\/meral-buch-220x300.jpeg\" class=\"attachment-medium size-medium wp-post-image\" alt=\"\" srcset=\"https:\/\/meral-renz.com\/wp-content\/uploads\/2021\/04\/meral-buch-220x300.jpeg 220w, https:\/\/meral-renz.com\/wp-content\/uploads\/2021\/04\/meral-buch.jpeg 260w\" sizes=\"(max-width: 220px) 100vw, 220px\" \/>\r\n                       <div class=\"leadership-card-product-description\">\r\n\r\n                           <h5 class=\"product-title\">\r\n\r\n                               Sexualp\u00e4dagogik in interkulturellen Gruppen\r\n                           <\/h5>\r\n\r\n                           <span class=\"price\">\r\n\r\n                               <span class=\"woocommerce-Price-amount amount\"><bdi>26,99\u00a0<span class=\"woocommerce-Price-currencySymbol\">\u20ac<\/span><\/bdi><\/span>\r\n                           <\/span>\r\n\r\n                       <\/div>\r\n\r\n                   <\/div>\r\n\r\n                <\/div>\r\n\r\n            \r\n                <div class=\"leadership-card-product\">\r\n\r\n                   <div class=\"card-inner\">\r\n\r\n                       <a href=\"https:\/\/meral-renz.com\/tr\/product\/schulblatt-thurgau-sexualpaedagogik-in-interkulturellen-gruppen\/\" class=\"link-overlay\"><\/a>\r\n\r\n                       <img decoding=\"async\" width=\"209\" height=\"300\" src=\"https:\/\/meral-renz.com\/wp-content\/uploads\/2021\/12\/Bildschirmfoto-2021-12-29-um-18.29.56-209x300.png\" class=\"attachment-medium size-medium wp-post-image\" alt=\"\" srcset=\"https:\/\/meral-renz.com\/wp-content\/uploads\/2021\/12\/Bildschirmfoto-2021-12-29-um-18.29.56-209x300.png 209w, https:\/\/meral-renz.com\/wp-content\/uploads\/2021\/12\/Bildschirmfoto-2021-12-29-um-18.29.56-715x1024.png 715w, https:\/\/meral-renz.com\/wp-content\/uploads\/2021\/12\/Bildschirmfoto-2021-12-29-um-18.29.56-768x1100.png 768w, https:\/\/meral-renz.com\/wp-content\/uploads\/2021\/12\/Bildschirmfoto-2021-12-29-um-18.29.56-600x859.png 600w, https:\/\/meral-renz.com\/wp-content\/uploads\/2021\/12\/Bildschirmfoto-2021-12-29-um-18.29.56.png 944w\" sizes=\"(max-width: 209px) 100vw, 209px\" \/>\r\n                       <div class=\"leadership-card-product-description\">\r\n\r\n                           <h5 class=\"product-title\">\r\n\r\n                               Schulblatt Thurgau \u2013 Sexualp\u00e4dagogik in interkulturellen Gruppen\r\n                           <\/h5>\r\n\r\n                           <span class=\"price\">\r\n\r\n                               <span class=\"woocommerce-Price-amount amount\"><bdi>0,00\u00a0<span class=\"woocommerce-Price-currencySymbol\">\u20ac<\/span><\/bdi><\/span>\r\n                           <\/span>\r\n\r\n                       <\/div>\r\n\r\n                   <\/div>\r\n\r\n                <\/div>\r\n\r\n            \r\n                <div class=\"leadership-card-product\">\r\n\r\n                   <div class=\"card-inner\">\r\n\r\n                       <a href=\"https:\/\/meral-renz.com\/tr\/product\/essener-leitlinien-zur-interkulturellen-psychotherapie\/\" class=\"link-overlay\"><\/a>\r\n\r\n                       <img loading=\"lazy\" decoding=\"async\" width=\"118\" height=\"158\" src=\"https:\/\/meral-renz.com\/wp-content\/uploads\/2021\/08\/cache_11033505.jpg\" class=\"attachment-medium size-medium wp-post-image\" alt=\"\" \/>\r\n                       <div class=\"leadership-card-product-description\">\r\n\r\n                           <h5 class=\"product-title\">\r\n\r\n                               Essener Leitlinien zur interkulturellen Psychotherapie\r\n                           <\/h5>\r\n\r\n                           <span class=\"price\">\r\n\r\n                               <span class=\"woocommerce-Price-amount amount\"><bdi>26,99\u00a0<span class=\"woocommerce-Price-currencySymbol\">\u20ac<\/span><\/bdi><\/span>\r\n                           <\/span>\r\n\r\n                       <\/div>\r\n\r\n                   <\/div>\r\n\r\n                <\/div>\r\n\r\n            \r\n            <div class=\"load-more-wrapper\">\r\n\r\n                <a class=\"leadership-link leadership-color-link leadership-decor-link load-more-button\"\r\n                   href=\"https:\/\/meral-renz.com\/shop\/\">\r\n\r\n                    Shop All\r\n                    \r\n                    \r\n                <\/a>\r\n\r\n            <\/div>\r\n\r\n        <\/div>\r\n\r\n        \t\t\t\t<\/div>\n\t\t\t\t<\/div>\n\t\t\t\t\t<\/div>\n\t\t<\/div>\n\t\t\t\t\t<\/div>\n\t\t<\/section>\n\t\t\t\t<\/div>\n\t\t","protected":false},"excerpt":{"rendered":"<p>hakk\u0131mda hakk\u0131mda hakk\u0131mda hakk\u0131mda Karadeniz\u2019de T\u00fcrkiye\u2019de do\u011fdum, b\u00fcy\u00fcd\u00fcm ve \u015fimdi Essen\u2019 de ya\u015f\u0131yorum, farkl\u0131 d\u00fcnyalarda ya\u015faman\u0131n ve ki\u015finin kendisi i\u00e7in [&hellip;]<\/p>\n","protected":false},"author":1,"featured_media":0,"parent":0,"menu_order":0,"comment_status":"closed","ping_status":"closed","template":"","meta":{"footnotes":""},"class_list":["post-3305","page","type-page","status-publish","hentry"],"yoast_head":"<!-- This site is optimized with the Yoast SEO plugin v27.5 - https:\/\/yoast.com\/product\/yoast-seo-wordpress\/ -->\n<title>Hakkimda - Meral Renz Sexualtherapie auf deutsch und T\u00fcrkisch<\/title>\n<meta name=\"robots\" content=\"index, follow, max-snippet:-1, max-image-preview:large, max-video-preview:-1\" \/>\n<link rel=\"canonical\" href=\"https:\/\/meral-renz.com\/tr\/hakkimda\/\" \/>\n<meta property=\"og:locale\" content=\"tr_TR\" \/>\n<meta property=\"og:type\" content=\"article\" \/>\n<meta property=\"og:title\" content=\"Hakkimda - Meral Renz Sexualtherapie auf deutsch und T\u00fcrkisch\" \/>\n<meta property=\"og:description\" content=\"hakk\u0131mda hakk\u0131mda hakk\u0131mda hakk\u0131mda Karadeniz\u2019de T\u00fcrkiye\u2019de do\u011fdum, b\u00fcy\u00fcd\u00fcm ve \u015fimdi Essen\u2019 de ya\u015f\u0131yorum, farkl\u0131 d\u00fcnyalarda ya\u015faman\u0131n ve ki\u015finin kendisi i\u00e7in [&hellip;]\" \/>\n<meta property=\"og:url\" content=\"https:\/\/meral-renz.com\/tr\/hakkimda\/\" \/>\n<meta property=\"og:site_name\" content=\"Meral Renz Sexualtherapie auf deutsch und T\u00fcrkisch\" \/>\n<meta property=\"article:modified_time\" content=\"2022-01-04T15:29:25+00:00\" \/>\n<meta property=\"og:image\" content=\"https:\/\/meral-renz.com\/wp-content\/uploads\/2021\/08\/Meral-Renz_Gesichter-Ruhr_01-1024x596.jpg\" \/>\n<meta name=\"twitter:card\" content=\"summary_large_image\" \/>\n<meta name=\"twitter:label1\" content=\"Tahmini okuma s\u00fcresi\" \/>\n\t<meta name=\"twitter:data1\" content=\"2 dakika\" \/>\n<script type=\"application\/ld+json\" class=\"yoast-schema-graph\">{\"@context\":\"https:\\\/\\\/schema.org\",\"@graph\":[{\"@type\":\"WebPage\",\"@id\":\"https:\\\/\\\/meral-renz.com\\\/tr\\\/hakkimda\\\/\",\"url\":\"https:\\\/\\\/meral-renz.com\\\/tr\\\/hakkimda\\\/\",\"name\":\"Hakkimda - Meral Renz Sexualtherapie auf deutsch und T\u00fcrkisch\",\"isPartOf\":{\"@id\":\"https:\\\/\\\/meral-renz.com\\\/#website\"},\"primaryImageOfPage\":{\"@id\":\"https:\\\/\\\/meral-renz.com\\\/tr\\\/hakkimda\\\/#primaryimage\"},\"image\":{\"@id\":\"https:\\\/\\\/meral-renz.com\\\/tr\\\/hakkimda\\\/#primaryimage\"},\"thumbnailUrl\":\"https:\\\/\\\/meral-renz.com\\\/wp-content\\\/uploads\\\/2021\\\/08\\\/Meral-Renz_Gesichter-Ruhr_01-1024x596.jpg\",\"datePublished\":\"2022-01-04T15:23:13+00:00\",\"dateModified\":\"2022-01-04T15:29:25+00:00\",\"breadcrumb\":{\"@id\":\"https:\\\/\\\/meral-renz.com\\\/tr\\\/hakkimda\\\/#breadcrumb\"},\"inLanguage\":\"tr\",\"potentialAction\":[{\"@type\":\"ReadAction\",\"target\":[\"https:\\\/\\\/meral-renz.com\\\/tr\\\/hakkimda\\\/\"]}]},{\"@type\":\"ImageObject\",\"inLanguage\":\"tr\",\"@id\":\"https:\\\/\\\/meral-renz.com\\\/tr\\\/hakkimda\\\/#primaryimage\",\"url\":\"https:\\\/\\\/meral-renz.com\\\/wp-content\\\/uploads\\\/2021\\\/08\\\/Meral-Renz_Gesichter-Ruhr_01-1024x596.jpg\",\"contentUrl\":\"https:\\\/\\\/meral-renz.com\\\/wp-content\\\/uploads\\\/2021\\\/08\\\/Meral-Renz_Gesichter-Ruhr_01-1024x596.jpg\"},{\"@type\":\"BreadcrumbList\",\"@id\":\"https:\\\/\\\/meral-renz.com\\\/tr\\\/hakkimda\\\/#breadcrumb\",\"itemListElement\":[{\"@type\":\"ListItem\",\"position\":1,\"name\":\"Startseite\",\"item\":\"https:\\\/\\\/meral-renz.com\\\/tr\\\/\"},{\"@type\":\"ListItem\",\"position\":2,\"name\":\"Hakkimda\"}]},{\"@type\":\"WebSite\",\"@id\":\"https:\\\/\\\/meral-renz.com\\\/#website\",\"url\":\"https:\\\/\\\/meral-renz.com\\\/\",\"name\":\"Meral Renz Sexualtherapie auf deutsch und T\u00fcrkisch\",\"description\":\"Paar-, Sexual-, Familien- und interkulturelle Therapie\",\"publisher\":{\"@id\":\"https:\\\/\\\/meral-renz.com\\\/#\\\/schema\\\/person\\\/a57f4754fb94f17b023c301e50c67562\"},\"potentialAction\":[{\"@type\":\"SearchAction\",\"target\":{\"@type\":\"EntryPoint\",\"urlTemplate\":\"https:\\\/\\\/meral-renz.com\\\/?s={search_term_string}\"},\"query-input\":{\"@type\":\"PropertyValueSpecification\",\"valueRequired\":true,\"valueName\":\"search_term_string\"}}],\"inLanguage\":\"tr\"},{\"@type\":[\"Person\",\"Organization\"],\"@id\":\"https:\\\/\\\/meral-renz.com\\\/#\\\/schema\\\/person\\\/a57f4754fb94f17b023c301e50c67562\",\"name\":\"Meral Renz\",\"image\":{\"@type\":\"ImageObject\",\"inLanguage\":\"tr\",\"@id\":\"https:\\\/\\\/meral-renz.com\\\/wp-content\\\/uploads\\\/2022\\\/06\\\/Bildschirmfoto-2022-06-02-um-16.24.37.png\",\"url\":\"https:\\\/\\\/meral-renz.com\\\/wp-content\\\/uploads\\\/2022\\\/06\\\/Bildschirmfoto-2022-06-02-um-16.24.37.png\",\"contentUrl\":\"https:\\\/\\\/meral-renz.com\\\/wp-content\\\/uploads\\\/2022\\\/06\\\/Bildschirmfoto-2022-06-02-um-16.24.37.png\",\"width\":784,\"height\":670,\"caption\":\"Meral Renz\"},\"logo\":{\"@id\":\"https:\\\/\\\/meral-renz.com\\\/wp-content\\\/uploads\\\/2022\\\/06\\\/Bildschirmfoto-2022-06-02-um-16.24.37.png\"},\"description\":\"\u201cJeder Mensch und jedes Paar hat die Chance auf ein gl\u00fccklicheres Leben.\u201d\"}]}<\/script>\n<!-- \/ Yoast SEO plugin. -->","yoast_head_json":{"title":"Hakkimda - Meral Renz Sexualtherapie auf deutsch und T\u00fcrkisch","robots":{"index":"index","follow":"follow","max-snippet":"max-snippet:-1","max-image-preview":"max-image-preview:large","max-video-preview":"max-video-preview:-1"},"canonical":"https:\/\/meral-renz.com\/tr\/hakkimda\/","og_locale":"tr_TR","og_type":"article","og_title":"Hakkimda - Meral Renz Sexualtherapie auf deutsch und T\u00fcrkisch","og_description":"hakk\u0131mda hakk\u0131mda hakk\u0131mda hakk\u0131mda Karadeniz\u2019de T\u00fcrkiye\u2019de do\u011fdum, b\u00fcy\u00fcd\u00fcm ve \u015fimdi Essen\u2019 de ya\u015f\u0131yorum, farkl\u0131 d\u00fcnyalarda ya\u015faman\u0131n ve ki\u015finin kendisi i\u00e7in [&hellip;]","og_url":"https:\/\/meral-renz.com\/tr\/hakkimda\/","og_site_name":"Meral Renz Sexualtherapie auf deutsch und T\u00fcrkisch","article_modified_time":"2022-01-04T15:29:25+00:00","og_image":[{"url":"https:\/\/meral-renz.com\/wp-content\/uploads\/2021\/08\/Meral-Renz_Gesichter-Ruhr_01-1024x596.jpg","type":"","width":"","height":""}],"twitter_card":"summary_large_image","twitter_misc":{"Tahmini okuma s\u00fcresi":"2 dakika"},"schema":{"@context":"https:\/\/schema.org","@graph":[{"@type":"WebPage","@id":"https:\/\/meral-renz.com\/tr\/hakkimda\/","url":"https:\/\/meral-renz.com\/tr\/hakkimda\/","name":"Hakkimda - Meral Renz Sexualtherapie auf deutsch und T\u00fcrkisch","isPartOf":{"@id":"https:\/\/meral-renz.com\/#website"},"primaryImageOfPage":{"@id":"https:\/\/meral-renz.com\/tr\/hakkimda\/#primaryimage"},"image":{"@id":"https:\/\/meral-renz.com\/tr\/hakkimda\/#primaryimage"},"thumbnailUrl":"https:\/\/meral-renz.com\/wp-content\/uploads\/2021\/08\/Meral-Renz_Gesichter-Ruhr_01-1024x596.jpg","datePublished":"2022-01-04T15:23:13+00:00","dateModified":"2022-01-04T15:29:25+00:00","breadcrumb":{"@id":"https:\/\/meral-renz.com\/tr\/hakkimda\/#breadcrumb"},"inLanguage":"tr","potentialAction":[{"@type":"ReadAction","target":["https:\/\/meral-renz.com\/tr\/hakkimda\/"]}]},{"@type":"ImageObject","inLanguage":"tr","@id":"https:\/\/meral-renz.com\/tr\/hakkimda\/#primaryimage","url":"https:\/\/meral-renz.com\/wp-content\/uploads\/2021\/08\/Meral-Renz_Gesichter-Ruhr_01-1024x596.jpg","contentUrl":"https:\/\/meral-renz.com\/wp-content\/uploads\/2021\/08\/Meral-Renz_Gesichter-Ruhr_01-1024x596.jpg"},{"@type":"BreadcrumbList","@id":"https:\/\/meral-renz.com\/tr\/hakkimda\/#breadcrumb","itemListElement":[{"@type":"ListItem","position":1,"name":"Startseite","item":"https:\/\/meral-renz.com\/tr\/"},{"@type":"ListItem","position":2,"name":"Hakkimda"}]},{"@type":"WebSite","@id":"https:\/\/meral-renz.com\/#website","url":"https:\/\/meral-renz.com\/","name":"Meral Renz Sexualtherapie auf deutsch und T\u00fcrkisch","description":"Paar-, Sexual-, Familien- und interkulturelle Therapie","publisher":{"@id":"https:\/\/meral-renz.com\/#\/schema\/person\/a57f4754fb94f17b023c301e50c67562"},"potentialAction":[{"@type":"SearchAction","target":{"@type":"EntryPoint","urlTemplate":"https:\/\/meral-renz.com\/?s={search_term_string}"},"query-input":{"@type":"PropertyValueSpecification","valueRequired":true,"valueName":"search_term_string"}}],"inLanguage":"tr"},{"@type":["Person","Organization"],"@id":"https:\/\/meral-renz.com\/#\/schema\/person\/a57f4754fb94f17b023c301e50c67562","name":"Meral Renz","image":{"@type":"ImageObject","inLanguage":"tr","@id":"https:\/\/meral-renz.com\/wp-content\/uploads\/2022\/06\/Bildschirmfoto-2022-06-02-um-16.24.37.png","url":"https:\/\/meral-renz.com\/wp-content\/uploads\/2022\/06\/Bildschirmfoto-2022-06-02-um-16.24.37.png","contentUrl":"https:\/\/meral-renz.com\/wp-content\/uploads\/2022\/06\/Bildschirmfoto-2022-06-02-um-16.24.37.png","width":784,"height":670,"caption":"Meral Renz"},"logo":{"@id":"https:\/\/meral-renz.com\/wp-content\/uploads\/2022\/06\/Bildschirmfoto-2022-06-02-um-16.24.37.png"},"description":"\u201cJeder Mensch und jedes Paar hat die Chance auf ein gl\u00fccklicheres Leben.\u201d"}]}},"_links":{"self":[{"href":"https:\/\/meral-renz.com\/tr\/wp-json\/wp\/v2\/pages\/3305","targetHints":{"allow":["GET"]}}],"collection":[{"href":"https:\/\/meral-renz.com\/tr\/wp-json\/wp\/v2\/pages"}],"about":[{"href":"https:\/\/meral-renz.com\/tr\/wp-json\/wp\/v2\/types\/page"}],"author":[{"embeddable":true,"href":"https:\/\/meral-renz.com\/tr\/wp-json\/wp\/v2\/users\/1"}],"replies":[{"embeddable":true,"href":"https:\/\/meral-renz.com\/tr\/wp-json\/wp\/v2\/comments?post=3305"}],"version-history":[{"count":12,"href":"https:\/\/meral-renz.com\/tr\/wp-json\/wp\/v2\/pages\/3305\/revisions"}],"predecessor-version":[{"id":3322,"href":"https:\/\/meral-renz.com\/tr\/wp-json\/wp\/v2\/pages\/3305\/revisions\/3322"}],"wp:attachment":[{"href":"https:\/\/meral-renz.com\/tr\/wp-json\/wp\/v2\/media?parent=3305"}],"curies":[{"name":"wp","href":"https:\/\/api.w.org\/{rel}","templated":true}]}}